{"id":10375,"date":"2025-04-25T17:30:44","date_gmt":"2025-04-25T15:30:44","guid":{"rendered":"https:\/\/omh.belgrade.dev\/ueber-den-verband\/"},"modified":"2025-05-02T12:09:07","modified_gmt":"2025-05-02T10:09:07","slug":"ueber-den-verband","status":"publish","type":"page","link":"https:\/\/omh.belgrade.dev\/de\/ueber-den-verband\/","title":{"rendered":"\u00dcber den Verband"},"content":{"rendered":"\t\t<div data-elementor-type=\"wp-page\" data-elementor-id=\"10375\" class=\"elementor elementor-10375 elementor-1061\" data-elementor-post-type=\"page\">\n\t\t\t\t<section class=\"elementor-element elementor-element-cdbc0f3 e-flex e-con-boxed e-con e-parent\" data-id=\"cdbc0f3\" data-element_type=\"container\" data-settings=\"{&quot;background_background&quot;:&quot;classic&quot;}\">\n\t\t\t\t\t<div class=\"e-con-inner\">\n\t\t\t\t<div class=\"elementor-element elementor-element-5e1c60a elementor-widget elementor-widget-heading\" data-id=\"5e1c60a\" data-element_type=\"widget\" data-widget_type=\"heading.default\">\n\t\t\t\t<div class=\"elementor-widget-container\">\n\t\t\t\t\t<h1 class=\"elementor-heading-title elementor-size-default\">\u00dcber den Verband<\/h1>\t\t\t\t<\/div>\n\t\t\t\t<\/div>\n\t\t\t\t\t<\/div>\n\t\t\t\t<\/section>\n\t\t<section class=\"elementor-element elementor-element-8bd54ac e-flex e-con-boxed e-con e-parent\" data-id=\"8bd54ac\" data-element_type=\"container\">\n\t\t\t\t\t<div class=\"e-con-inner\">\n\t\t\t\t<div class=\"elementor-element elementor-element-454b104 elementor-widget elementor-widget-text-editor\" data-id=\"454b104\" data-element_type=\"widget\" data-widget_type=\"text-editor.default\">\n\t\t\t\t<div class=\"elementor-widget-container\">\n\t\t\t\t\t\t\t\t\t<p>Der Nationale Verband der Familien- und Kleinhotels (OMH) wurde 2004 gegr\u00fcndet, um dem wachsenden Bedarf kleiner Hoteliers nach einer Vereinigung gerecht zu werden, die ihre spezifischen Interessen vertritt und die kontinuierliche Verbesserung der Qualit\u00e4t ihrer Angebote erm\u00f6glicht. <\/p><p>Die Mission des OMH-Verbandes ist es, die besten Familien- und Kleinhotels in Kroatien zu vereinen, die sich durch ihre Einzigartigkeit, erkennbare Qualit\u00e4t und Authentizit\u00e4t auszeichnen und den G\u00e4sten ein unvergessliches Erlebnis bieten, den Mitgliedern eine einflussreiche Stimme und bessere Gesch\u00e4ftsm\u00f6glichkeiten verschaffen, dem Tourismussektor eine fortschrittliche Gruppe bieten und den lokalen Gemeinschaften sowie dem Land insgesamt einen sozial und \u00f6kologisch verantwortlichen Partner stellen.<br>Das \u00fcbergeordnete Ziel des Verbandes ist die Verbesserung der Gesch\u00e4ftsbedingungen f\u00fcr Familien- und Kleinhotels. Die prim\u00e4ren Ziele sind: Schaffung eines international wettbewerbsf\u00e4higen Produkts, das auf Qualit\u00e4t, Besonderheit, Individualit\u00e4t und Authentizit\u00e4t basiert; Verbesserung der Beschaffungsbedingungen\/der Kapitalbeschaffung, Produkte und Dienstleistungen; Erlangung von Glaubw\u00fcrdigkeit und Einfluss bei den Entscheidungstr\u00e4gern der Tourismuspolitik; Steigerung der Qualit\u00e4t von Unterkunftseinrichtungen und -dienstleistungen durch Zertifizierungsprogramme sowie Bildung und Beratung.[1]    <\/p><p>Um diese Ziele zu erreichen, hat der Verband Aktivit\u00e4ten in den Bereichen Marketing, Kategorisierung, Zertifizierung, Inspektion, Lobbyarbeit, Bildung, Beratung und Informationsverbreitung geplant. Es ist auch die Schaffung einer international erkennbaren Marke f\u00fcr kroatische Familien- und Kleinhotels vorgesehen.<br>Der Nationale Verband der Familien- und Kleinhotels hat derzeit 146 Hotels und 66 hochwertige G\u00e4steh\u00e4user und Agrotourismusbetriebe als Teil seiner ordentlichen und assoziierten Mitgliedschaft, die eine finanziell unabh\u00e4ngige Interessengruppe in ganz Kroatien vertreten. In den letzten zwei Jahren hat der Verband mehrere bedeutende Projekte initiiert und umgesetzt, darunter die Programme \u201eAnreiz f\u00fcr den Erfolg\u201c und \u201eAnreiz f\u00fcr Familienhotellerie\u201c, die g\u00fcnstigere Finanzierungsquellen f\u00fcr kleine Hoteliers bereitstellen; die Erstellung des Katalogs \u201eFamilien- und Kleinhotels\u201c, der in Zusammenarbeit mit der Kroatischen Nationalen Tourismuszentrale (HTZ) in 120.000 Exemplaren in elf Weltsprachen verteilt wird; Vertr\u00e4ge mit rund 20 Lieferanten, darunter Konzum, Podravka, Croatia Versicherung, SMS, HAK usw., die den Mitgliedern g\u00fcnstigere Rabatte und j\u00e4hrliche Boni auf den Umsatz bieten.<\/p><p>Die Gr\u00fcndung des OMH-Verbandes hat sich zweifellos als \u201edas richtige Projekt zur richtigen Zeit\u201c erwiesen. Angesichts des zunehmenden Bewusstseins f\u00fcr die Notwendigkeit einer strategischen Neuausrichtung des kroatischen Tourismus hin zu einem Angebot, das in Anbetracht des wettbewerbsintensiven Umfelds notwendigerweise die authentischen Werte der lokalen Umgebung, den erhaltenen und gepflegten nat\u00fcrlichen Raum, den individualisierten Zugang zu den G\u00e4sten sowie die kreativen und erlebnisorientierten Aspekte des Produkts betonen muss, hat OMH als unternehmerische und leicht anpassbare Gruppe au\u00dfergew\u00f6hnliches Potenzial, nicht nur beizutragen, sondern auch die strategische Neuausrichtung des kroatischen Tourismus zu f\u00fchren. <\/p>\t\t\t\t\t\t\t\t<\/div>\n\t\t\t\t<\/div>\n\t\t\t\t<div class=\"elementor-element elementor-element-5f78cdb elementor-widget elementor-widget-text-editor\" data-id=\"5f78cdb\" data-element_type=\"widget\" data-widget_type=\"text-editor.default\">\n\t\t\t\t<div class=\"elementor-widget-container\">\n\t\t\t\t\t\t\t\t\t<p>[1] Satzung des Nationalen Verbandes der Familien- und Kleinhotels, Artikel 6, 7 und 8. <\/p>\t\t\t\t\t\t\t\t<\/div>\n\t\t\t\t<\/div>\n\t\t\t\t\t<\/div>\n\t\t\t\t<\/section>\n\t\t\t\t<\/div>\n\t\t","protected":false},"excerpt":{"rendered":"<p>\u00dcber den Verband Der Nationale Verband der Familien- und Kleinhotels (OMH) wurde 2004 gegr\u00fcndet, um dem wachsenden Bedarf kleiner Hoteliers nach einer Vereinigung gerecht zu werden, die ihre spezifischen Interessen vertritt und die kontinuierliche Verbesserung der Qualit\u00e4t ihrer Angebote erm\u00f6glicht. Die Mission des OMH-Verbandes ist es, die besten Familien- und Kleinhotels in Kroatien zu vereinen, [&hellip;]<\/p>\n","protected":false},"author":1,"featured_media":0,"parent":0,"menu_order":0,"comment_status":"closed","ping_status":"closed","template":"","meta":{"_acf_changed":false,"footnotes":""},"class_list":["post-10375","page","type-page","status-publish","hentry"],"acf":[],"yoast_head":"<!-- This site is optimized with the Yoast SEO plugin v25.1 - https:\/\/yoast.com\/wordpress\/plugins\/seo\/ -->\n<title>Obiteljski i mali hoteli - \u00dcber den Verband | OMH<\/title>\n<meta name=\"description\" content=\"obiteljski odmor, odmos s obitelji, mali wellness hoteli, mali spa hoteli, heritage hoteli, aktivni odmor, biciklisti\u010dke ture, mali hoteli u dalmaciji, gourmet restorani, privatni smje\u0161taj, posebne ponude hotela, Valentinovo, prolje\u0107e, Uskrs, akcijske cijene u predsezoni, medeni mjesec, romanti\u010dni vikend, vikend za dvoje\" \/>\n<meta name=\"robots\" content=\"noindex, follow, max-snippet:-1, max-image-preview:large, max-video-preview:-1\" \/>\n<meta property=\"og:locale\" content=\"de_DE\" \/>\n<meta property=\"og:type\" content=\"article\" \/>\n<meta property=\"og:title\" content=\"Obiteljski i mali hoteli - \u00dcber den Verband | OMH\" \/>\n<meta property=\"og:description\" content=\"obiteljski odmor, odmos s obitelji, mali wellness hoteli, mali spa hoteli, heritage hoteli, aktivni odmor, biciklisti\u010dke ture, mali hoteli u dalmaciji, gourmet restorani, privatni smje\u0161taj, posebne ponude hotela, Valentinovo, prolje\u0107e, Uskrs, akcijske cijene u predsezoni, medeni mjesec, romanti\u010dni vikend, vikend za dvoje\" \/>\n<meta property=\"og:url\" content=\"https:\/\/omh.belgrade.dev\/de\/ueber-den-verband\/\" \/>\n<meta property=\"og:site_name\" content=\"OMH\" \/>\n<meta property=\"article:modified_time\" content=\"2025-05-02T10:09:07+00:00\" \/>\n<meta name=\"twitter:card\" content=\"summary_large_image\" \/>\n<meta name=\"twitter:label1\" content=\"Gesch\u00e4tzte Lesezeit\" \/>\n\t<meta name=\"twitter:data1\" content=\"2\u00a0Minuten\" \/>\n<script type=\"application\/ld+json\" class=\"yoast-schema-graph\">{\"@context\":\"https:\/\/schema.org\",\"@graph\":[{\"@type\":\"WebPage\",\"@id\":\"https:\/\/omh.belgrade.dev\/de\/ueber-den-verband\/\",\"url\":\"https:\/\/omh.belgrade.dev\/de\/ueber-den-verband\/\",\"name\":\"Obiteljski i mali hoteli - \u00dcber den Verband | OMH\",\"isPartOf\":{\"@id\":\"https:\/\/omh.belgrade.dev\/#website\"},\"datePublished\":\"2025-04-25T15:30:44+00:00\",\"dateModified\":\"2025-05-02T10:09:07+00:00\",\"description\":\"obiteljski odmor, odmos s obitelji, mali wellness hoteli, mali spa hoteli, heritage hoteli, aktivni odmor, biciklisti\u010dke ture, mali hoteli u dalmaciji, gourmet restorani, privatni smje\u0161taj, posebne ponude hotela, Valentinovo, prolje\u0107e, Uskrs, akcijske cijene u predsezoni, medeni mjesec, romanti\u010dni vikend, vikend za dvoje\",\"breadcrumb\":{\"@id\":\"https:\/\/omh.belgrade.dev\/de\/ueber-den-verband\/#breadcrumb\"},\"inLanguage\":\"de\",\"potentialAction\":[{\"@type\":\"ReadAction\",\"target\":[\"https:\/\/omh.belgrade.dev\/de\/ueber-den-verband\/\"]}]},{\"@type\":\"BreadcrumbList\",\"@id\":\"https:\/\/omh.belgrade.dev\/de\/ueber-den-verband\/#breadcrumb\",\"itemListElement\":[{\"@type\":\"ListItem\",\"position\":1,\"name\":\"Home\",\"item\":\"https:\/\/omh.belgrade.dev\/\"},{\"@type\":\"ListItem\",\"position\":2,\"name\":\"\u00dcber den Verband\"}]},{\"@type\":\"WebSite\",\"@id\":\"https:\/\/omh.belgrade.dev\/#website\",\"url\":\"https:\/\/omh.belgrade.dev\/\",\"name\":\"OMH\",\"description\":\"Obiteljski i mali hoteli\",\"publisher\":{\"@id\":\"https:\/\/omh.belgrade.dev\/#organization\"},\"potentialAction\":[{\"@type\":\"SearchAction\",\"target\":{\"@type\":\"EntryPoint\",\"urlTemplate\":\"https:\/\/omh.belgrade.dev\/?s={search_term_string}\"},\"query-input\":{\"@type\":\"PropertyValueSpecification\",\"valueRequired\":true,\"valueName\":\"search_term_string\"}}],\"inLanguage\":\"de\"},{\"@type\":\"Organization\",\"@id\":\"https:\/\/omh.belgrade.dev\/#organization\",\"name\":\"OMH\",\"url\":\"https:\/\/omh.belgrade.dev\/\",\"logo\":{\"@type\":\"ImageObject\",\"inLanguage\":\"de\",\"@id\":\"https:\/\/omh.belgrade.dev\/#\/schema\/logo\/image\/\",\"url\":\"https:\/\/omh.belgrade.dev\/wp-content\/uploads\/2025\/04\/logo_1.png\",\"contentUrl\":\"https:\/\/omh.belgrade.dev\/wp-content\/uploads\/2025\/04\/logo_1.png\",\"width\":512,\"height\":85,\"caption\":\"OMH\"},\"image\":{\"@id\":\"https:\/\/omh.belgrade.dev\/#\/schema\/logo\/image\/\"}}]}<\/script>\n<!-- \/ Yoast SEO plugin. -->","yoast_head_json":{"title":"Obiteljski i mali hoteli - \u00dcber den Verband | OMH","description":"obiteljski odmor, odmos s obitelji, mali wellness hoteli, mali spa hoteli, heritage hoteli, aktivni odmor, biciklisti\u010dke ture, mali hoteli u dalmaciji, gourmet restorani, privatni smje\u0161taj, posebne ponude hotela, Valentinovo, prolje\u0107e, Uskrs, akcijske cijene u predsezoni, medeni mjesec, romanti\u010dni vikend, vikend za dvoje","robots":{"index":"noindex","follow":"follow","max-snippet":"max-snippet:-1","max-image-preview":"max-image-preview:large","max-video-preview":"max-video-preview:-1"},"og_locale":"de_DE","og_type":"article","og_title":"Obiteljski i mali hoteli - \u00dcber den Verband | OMH","og_description":"obiteljski odmor, odmos s obitelji, mali wellness hoteli, mali spa hoteli, heritage hoteli, aktivni odmor, biciklisti\u010dke ture, mali hoteli u dalmaciji, gourmet restorani, privatni smje\u0161taj, posebne ponude hotela, Valentinovo, prolje\u0107e, Uskrs, akcijske cijene u predsezoni, medeni mjesec, romanti\u010dni vikend, vikend za dvoje","og_url":"https:\/\/omh.belgrade.dev\/de\/ueber-den-verband\/","og_site_name":"OMH","article_modified_time":"2025-05-02T10:09:07+00:00","twitter_card":"summary_large_image","twitter_misc":{"Gesch\u00e4tzte Lesezeit":"2\u00a0Minuten"},"schema":{"@context":"https:\/\/schema.org","@graph":[{"@type":"WebPage","@id":"https:\/\/omh.belgrade.dev\/de\/ueber-den-verband\/","url":"https:\/\/omh.belgrade.dev\/de\/ueber-den-verband\/","name":"Obiteljski i mali hoteli - \u00dcber den Verband | OMH","isPartOf":{"@id":"https:\/\/omh.belgrade.dev\/#website"},"datePublished":"2025-04-25T15:30:44+00:00","dateModified":"2025-05-02T10:09:07+00:00","description":"obiteljski odmor, odmos s obitelji, mali wellness hoteli, mali spa hoteli, heritage hoteli, aktivni odmor, biciklisti\u010dke ture, mali hoteli u dalmaciji, gourmet restorani, privatni smje\u0161taj, posebne ponude hotela, Valentinovo, prolje\u0107e, Uskrs, akcijske cijene u predsezoni, medeni mjesec, romanti\u010dni vikend, vikend za dvoje","breadcrumb":{"@id":"https:\/\/omh.belgrade.dev\/de\/ueber-den-verband\/#breadcrumb"},"inLanguage":"de","potentialAction":[{"@type":"ReadAction","target":["https:\/\/omh.belgrade.dev\/de\/ueber-den-verband\/"]}]},{"@type":"BreadcrumbList","@id":"https:\/\/omh.belgrade.dev\/de\/ueber-den-verband\/#breadcrumb","itemListElement":[{"@type":"ListItem","position":1,"name":"Home","item":"https:\/\/omh.belgrade.dev\/"},{"@type":"ListItem","position":2,"name":"\u00dcber den Verband"}]},{"@type":"WebSite","@id":"https:\/\/omh.belgrade.dev\/#website","url":"https:\/\/omh.belgrade.dev\/","name":"OMH","description":"Obiteljski i mali hoteli","publisher":{"@id":"https:\/\/omh.belgrade.dev\/#organization"},"potentialAction":[{"@type":"SearchAction","target":{"@type":"EntryPoint","urlTemplate":"https:\/\/omh.belgrade.dev\/?s={search_term_string}"},"query-input":{"@type":"PropertyValueSpecification","valueRequired":true,"valueName":"search_term_string"}}],"inLanguage":"de"},{"@type":"Organization","@id":"https:\/\/omh.belgrade.dev\/#organization","name":"OMH","url":"https:\/\/omh.belgrade.dev\/","logo":{"@type":"ImageObject","inLanguage":"de","@id":"https:\/\/omh.belgrade.dev\/#\/schema\/logo\/image\/","url":"https:\/\/omh.belgrade.dev\/wp-content\/uploads\/2025\/04\/logo_1.png","contentUrl":"https:\/\/omh.belgrade.dev\/wp-content\/uploads\/2025\/04\/logo_1.png","width":512,"height":85,"caption":"OMH"},"image":{"@id":"https:\/\/omh.belgrade.dev\/#\/schema\/logo\/image\/"}}]}},"_links":{"self":[{"href":"https:\/\/omh.belgrade.dev\/de\/wp-json\/wp\/v2\/pages\/10375","targetHints":{"allow":["GET"]}}],"collection":[{"href":"https:\/\/omh.belgrade.dev\/de\/wp-json\/wp\/v2\/pages"}],"about":[{"href":"https:\/\/omh.belgrade.dev\/de\/wp-json\/wp\/v2\/types\/page"}],"author":[{"embeddable":true,"href":"https:\/\/omh.belgrade.dev\/de\/wp-json\/wp\/v2\/users\/1"}],"replies":[{"embeddable":true,"href":"https:\/\/omh.belgrade.dev\/de\/wp-json\/wp\/v2\/comments?post=10375"}],"version-history":[{"count":1,"href":"https:\/\/omh.belgrade.dev\/de\/wp-json\/wp\/v2\/pages\/10375\/revisions"}],"predecessor-version":[{"id":10376,"href":"https:\/\/omh.belgrade.dev\/de\/wp-json\/wp\/v2\/pages\/10375\/revisions\/10376"}],"wp:attachment":[{"href":"https:\/\/omh.belgrade.dev\/de\/wp-json\/wp\/v2\/media?parent=10375"}],"curies":[{"name":"wp","href":"https:\/\/api.w.org\/{rel}","templated":true}]}}