{"id":20750,"date":"2025-05-15T10:27:28","date_gmt":"2025-05-15T08:27:28","guid":{"rendered":"https:\/\/omh.belgrade.dev\/pressezentrum\/"},"modified":"2025-05-15T11:34:58","modified_gmt":"2025-05-15T09:34:58","slug":"pressezentrum","status":"publish","type":"page","link":"https:\/\/omh.belgrade.dev\/de\/pressezentrum\/","title":{"rendered":"Pressezentrum"},"content":{"rendered":"\t\t<div data-elementor-type=\"wp-page\" data-elementor-id=\"20750\" class=\"elementor elementor-20750 elementor-20728\" data-elementor-post-type=\"page\">\n\t\t\t\t<section class=\"elementor-element elementor-element-a0cce6d e-flex e-con-boxed e-con e-parent\" data-id=\"a0cce6d\" data-element_type=\"container\" data-settings=\"{&quot;background_background&quot;:&quot;classic&quot;}\">\n\t\t\t\t\t<div class=\"e-con-inner\">\n\t\t\t\t<div class=\"elementor-element elementor-element-0db7855 elementor-widget elementor-widget-heading\" data-id=\"0db7855\" data-element_type=\"widget\" data-widget_type=\"heading.default\">\n\t\t\t\t<div class=\"elementor-widget-container\">\n\t\t\t\t\t<h1 class=\"elementor-heading-title elementor-size-default\">\nPressezentrum<\/h1>\t\t\t\t<\/div>\n\t\t\t\t<\/div>\n\t\t\t\t\t<\/div>\n\t\t\t\t<\/section>\n\t\t<section class=\"elementor-element elementor-element-9e5f8d6 e-flex e-con-boxed e-con e-parent\" data-id=\"9e5f8d6\" data-element_type=\"container\">\n\t\t\t\t\t<div class=\"e-con-inner\">\n\t\t\t\t<div class=\"elementor-element elementor-element-98491fa elementor-list-item-link-inline link-hover-underline elementor-icon-list--layout-traditional elementor-widget elementor-widget-icon-list\" data-id=\"98491fa\" data-element_type=\"widget\" data-widget_type=\"icon-list.default\">\n\t\t\t\t<div class=\"elementor-widget-container\">\n\t\t\t\t\t\t\t<ul class=\"elementor-icon-list-items\">\n\t\t\t\t\t\t\t<li class=\"elementor-icon-list-item\">\n\t\t\t\t\t\t\t\t\t\t\t<a href=\"https:\/\/omh.belgrade.dev\/de\/press_2014\/\" target=\"_blank\">\n\n\t\t\t\t\t\t\t\t\t\t\t\t<span class=\"elementor-icon-list-icon\">\n\t\t\t\t\t\t\t<svg xmlns=\"http:\/\/www.w3.org\/2000\/svg\" xmlns:xlink=\"http:\/\/www.w3.org\/1999\/xlink\" id=\"Layer_1\" x=\"0px\" y=\"0px\" viewBox=\"0 0 309.267 309.267\" style=\"enable-background:new 0 0 309.267 309.267;\" xml:space=\"preserve\"><g>\t<path style=\"fill:#E4E7E7;\" d=\"M38.658,0h164.23l87.049,86.711v203.227c0,10.679-8.659,19.329-19.329,19.329H38.658  c-10.67,0-19.329-8.65-19.329-19.329V19.329C19.329,8.65,27.989,0,38.658,0z\"><\/path>\t<path style=\"fill:#C2C5C7;\" d=\"M289.658,86.981h-67.372c-10.67,0-19.329-8.659-19.329-19.329V0.193L289.658,86.981z\"><\/path>\t<path style=\"fill:#CCD0D2;\" d=\"M57.988,125.64v19.329H251.28V125.64H57.988z M57.988,183.637H251.28v-19.329H57.988V183.637z   M57.988,222.286H251.28v-19.329H57.988V222.286z M57.988,260.944H251.28v-19.32H57.988V260.944z M164.298,86.981H57.988v19.329  h106.311L164.298,86.981L164.298,86.981z M164.298,48.323H57.988v19.329h106.311L164.298,48.323L164.298,48.323z\"><\/path><\/g><g><\/g><g><\/g><g><\/g><g><\/g><g><\/g><g><\/g><g><\/g><g><\/g><g><\/g><g><\/g><g><\/g><g><\/g><g><\/g><g><\/g><g><\/g><\/svg>\t\t\t\t\t\t<\/span>\n\t\t\t\t\t\t\t\t\t\t<span class=\"elementor-icon-list-text\">DOWNLOAD: PRESS MATERIJALI 2014.<\/span>\n\t\t\t\t\t\t\t\t\t\t\t<\/a>\n\t\t\t\t\t\t\t\t\t<\/li>\n\t\t\t\t\t\t<\/ul>\n\t\t\t\t\t\t<\/div>\n\t\t\t\t<\/div>\n\t\t\t\t<div class=\"elementor-element elementor-element-b6ae901 link-hover-underline elementor-widget elementor-widget-text-editor\" data-id=\"b6ae901\" data-element_type=\"widget\" data-widget_type=\"text-editor.default\">\n\t\t\t\t<div class=\"elementor-widget-container\">\n\t\t\t\t\t\t\t\t\t<p><strong>Postanschrift der Gesch\u00e4ftsstelle:<\/strong><\/p><p>KROATIEN VERBAND DER KLEINEN UND FAMILIENHOTELS<br>Obala hrvatskog narodnog preporoda 7\/3<br>21000 Split<\/p><p>Tel.<a href=\"tel:+385%2021%20317%20880\">+385 21 317 880<\/a><br>Fax. <a href=\"tel:+385%2021%20317%20881\">+385 21 317 881<\/a><\/p><p>E-mail:<\/p><ul><li><a href=\"mailto:info@omh.hr\">info@omh.hr<\/a><\/li><li><a href=\"mailto:projekt@omh.hr\">projekt@omh.hr<\/a><\/li><li><a href=\"mailto:projekt1@omh.hr\">projekt1@omh.hr<\/a><\/li><\/ul>\t\t\t\t\t\t\t\t<\/div>\n\t\t\t\t<\/div>\n\t\t\t\t\t<\/div>\n\t\t\t\t<\/section>\n\t\t\t\t<\/div>\n\t\t","protected":false},"excerpt":{"rendered":"<p>Pressezentrum DOWNLOAD: PRESS MATERIJALI 2014. Postanschrift der Gesch\u00e4ftsstelle: KROATIEN VERBAND DER KLEINEN UND FAMILIENHOTELSObala hrvatskog narodnog preporoda 7\/321000 Split Tel.+385 21 317 880Fax. +385 21 317 881 E-mail: info@omh.hr projekt@omh.hr projekt1@omh.hr<\/p>\n","protected":false},"author":1,"featured_media":0,"parent":0,"menu_order":0,"comment_status":"closed","ping_status":"closed","template":"","meta":{"_acf_changed":false,"footnotes":""},"class_list":["post-20750","page","type-page","status-publish","hentry"],"acf":[],"yoast_head":"<!-- This site is optimized with the Yoast SEO plugin v25.1 - https:\/\/yoast.com\/wordpress\/plugins\/seo\/ -->\n<title>Obiteljski i mali hoteli - Pressezentrum | OMH<\/title>\n<meta name=\"description\" content=\"obiteljski odmor, odmos s obitelji, mali wellness hoteli, mali spa hoteli, heritage hoteli, aktivni odmor, biciklisti\u010dke ture, mali hoteli u dalmaciji, gourmet restorani, privatni smje\u0161taj, posebne ponude hotela, Valentinovo, prolje\u0107e, Uskrs, akcijske cijene u predsezoni, medeni mjesec, romanti\u010dni vikend, vikend za dvoje\" \/>\n<meta name=\"robots\" content=\"noindex, follow, max-snippet:-1, max-image-preview:large, max-video-preview:-1\" \/>\n<meta property=\"og:locale\" content=\"de_DE\" \/>\n<meta property=\"og:type\" content=\"article\" \/>\n<meta property=\"og:title\" content=\"Obiteljski i mali hoteli - Pressezentrum | OMH\" \/>\n<meta property=\"og:description\" content=\"obiteljski odmor, odmos s obitelji, mali wellness hoteli, mali spa hoteli, heritage hoteli, aktivni odmor, biciklisti\u010dke ture, mali hoteli u dalmaciji, gourmet restorani, privatni smje\u0161taj, posebne ponude hotela, Valentinovo, prolje\u0107e, Uskrs, akcijske cijene u predsezoni, medeni mjesec, romanti\u010dni vikend, vikend za dvoje\" \/>\n<meta property=\"og:url\" content=\"https:\/\/omh.belgrade.dev\/press-centar\/\" \/>\n<meta property=\"og:site_name\" content=\"OMH\" \/>\n<meta property=\"article:modified_time\" content=\"2025-05-15T09:34:58+00:00\" \/>\n<meta name=\"twitter:card\" content=\"summary_large_image\" \/>\n<script type=\"application\/ld+json\" class=\"yoast-schema-graph\">{\"@context\":\"https:\/\/schema.org\",\"@graph\":[{\"@type\":\"WebPage\",\"@id\":\"https:\/\/omh.belgrade.dev\/press-centar\/\",\"url\":\"https:\/\/omh.belgrade.dev\/press-centar\/\",\"name\":\"Obiteljski i mali hoteli - Pressezentrum | OMH\",\"isPartOf\":{\"@id\":\"https:\/\/omh.belgrade.dev\/#website\"},\"datePublished\":\"2025-05-15T08:27:28+00:00\",\"dateModified\":\"2025-05-15T09:34:58+00:00\",\"description\":\"obiteljski odmor, odmos s obitelji, mali wellness hoteli, mali spa hoteli, heritage hoteli, aktivni odmor, biciklisti\u010dke ture, mali hoteli u dalmaciji, gourmet restorani, privatni smje\u0161taj, posebne ponude hotela, Valentinovo, prolje\u0107e, Uskrs, akcijske cijene u predsezoni, medeni mjesec, romanti\u010dni vikend, vikend za dvoje\",\"breadcrumb\":{\"@id\":\"https:\/\/omh.belgrade.dev\/press-centar\/#breadcrumb\"},\"inLanguage\":\"de\",\"potentialAction\":[{\"@type\":\"ReadAction\",\"target\":[\"https:\/\/omh.belgrade.dev\/press-centar\/\"]}]},{\"@type\":\"BreadcrumbList\",\"@id\":\"https:\/\/omh.belgrade.dev\/press-centar\/#breadcrumb\",\"itemListElement\":[{\"@type\":\"ListItem\",\"position\":1,\"name\":\"Home\",\"item\":\"https:\/\/omh.belgrade.dev\/\"},{\"@type\":\"ListItem\",\"position\":2,\"name\":\"Pressezentrum\"}]},{\"@type\":\"WebSite\",\"@id\":\"https:\/\/omh.belgrade.dev\/#website\",\"url\":\"https:\/\/omh.belgrade.dev\/\",\"name\":\"OMH\",\"description\":\"Obiteljski i mali hoteli\",\"publisher\":{\"@id\":\"https:\/\/omh.belgrade.dev\/#organization\"},\"potentialAction\":[{\"@type\":\"SearchAction\",\"target\":{\"@type\":\"EntryPoint\",\"urlTemplate\":\"https:\/\/omh.belgrade.dev\/?s={search_term_string}\"},\"query-input\":{\"@type\":\"PropertyValueSpecification\",\"valueRequired\":true,\"valueName\":\"search_term_string\"}}],\"inLanguage\":\"de\"},{\"@type\":\"Organization\",\"@id\":\"https:\/\/omh.belgrade.dev\/#organization\",\"name\":\"OMH\",\"url\":\"https:\/\/omh.belgrade.dev\/\",\"logo\":{\"@type\":\"ImageObject\",\"inLanguage\":\"de\",\"@id\":\"https:\/\/omh.belgrade.dev\/#\/schema\/logo\/image\/\",\"url\":\"https:\/\/omh.belgrade.dev\/wp-content\/uploads\/2025\/04\/logo_1.png\",\"contentUrl\":\"https:\/\/omh.belgrade.dev\/wp-content\/uploads\/2025\/04\/logo_1.png\",\"width\":512,\"height\":85,\"caption\":\"OMH\"},\"image\":{\"@id\":\"https:\/\/omh.belgrade.dev\/#\/schema\/logo\/image\/\"}}]}<\/script>\n<!-- \/ Yoast SEO plugin. -->","yoast_head_json":{"title":"Obiteljski i mali hoteli - Pressezentrum | OMH","description":"obiteljski odmor, odmos s obitelji, mali wellness hoteli, mali spa hoteli, heritage hoteli, aktivni odmor, biciklisti\u010dke ture, mali hoteli u dalmaciji, gourmet restorani, privatni smje\u0161taj, posebne ponude hotela, Valentinovo, prolje\u0107e, Uskrs, akcijske cijene u predsezoni, medeni mjesec, romanti\u010dni vikend, vikend za dvoje","robots":{"index":"noindex","follow":"follow","max-snippet":"max-snippet:-1","max-image-preview":"max-image-preview:large","max-video-preview":"max-video-preview:-1"},"og_locale":"de_DE","og_type":"article","og_title":"Obiteljski i mali hoteli - Pressezentrum | OMH","og_description":"obiteljski odmor, odmos s obitelji, mali wellness hoteli, mali spa hoteli, heritage hoteli, aktivni odmor, biciklisti\u010dke ture, mali hoteli u dalmaciji, gourmet restorani, privatni smje\u0161taj, posebne ponude hotela, Valentinovo, prolje\u0107e, Uskrs, akcijske cijene u predsezoni, medeni mjesec, romanti\u010dni vikend, vikend za dvoje","og_url":"https:\/\/omh.belgrade.dev\/press-centar\/","og_site_name":"OMH","article_modified_time":"2025-05-15T09:34:58+00:00","twitter_card":"summary_large_image","schema":{"@context":"https:\/\/schema.org","@graph":[{"@type":"WebPage","@id":"https:\/\/omh.belgrade.dev\/press-centar\/","url":"https:\/\/omh.belgrade.dev\/press-centar\/","name":"Obiteljski i mali hoteli - Pressezentrum | OMH","isPartOf":{"@id":"https:\/\/omh.belgrade.dev\/#website"},"datePublished":"2025-05-15T08:27:28+00:00","dateModified":"2025-05-15T09:34:58+00:00","description":"obiteljski odmor, odmos s obitelji, mali wellness hoteli, mali spa hoteli, heritage hoteli, aktivni odmor, biciklisti\u010dke ture, mali hoteli u dalmaciji, gourmet restorani, privatni smje\u0161taj, posebne ponude hotela, Valentinovo, prolje\u0107e, Uskrs, akcijske cijene u predsezoni, medeni mjesec, romanti\u010dni vikend, vikend za dvoje","breadcrumb":{"@id":"https:\/\/omh.belgrade.dev\/press-centar\/#breadcrumb"},"inLanguage":"de","potentialAction":[{"@type":"ReadAction","target":["https:\/\/omh.belgrade.dev\/press-centar\/"]}]},{"@type":"BreadcrumbList","@id":"https:\/\/omh.belgrade.dev\/press-centar\/#breadcrumb","itemListElement":[{"@type":"ListItem","position":1,"name":"Home","item":"https:\/\/omh.belgrade.dev\/"},{"@type":"ListItem","position":2,"name":"Pressezentrum"}]},{"@type":"WebSite","@id":"https:\/\/omh.belgrade.dev\/#website","url":"https:\/\/omh.belgrade.dev\/","name":"OMH","description":"Obiteljski i mali hoteli","publisher":{"@id":"https:\/\/omh.belgrade.dev\/#organization"},"potentialAction":[{"@type":"SearchAction","target":{"@type":"EntryPoint","urlTemplate":"https:\/\/omh.belgrade.dev\/?s={search_term_string}"},"query-input":{"@type":"PropertyValueSpecification","valueRequired":true,"valueName":"search_term_string"}}],"inLanguage":"de"},{"@type":"Organization","@id":"https:\/\/omh.belgrade.dev\/#organization","name":"OMH","url":"https:\/\/omh.belgrade.dev\/","logo":{"@type":"ImageObject","inLanguage":"de","@id":"https:\/\/omh.belgrade.dev\/#\/schema\/logo\/image\/","url":"https:\/\/omh.belgrade.dev\/wp-content\/uploads\/2025\/04\/logo_1.png","contentUrl":"https:\/\/omh.belgrade.dev\/wp-content\/uploads\/2025\/04\/logo_1.png","width":512,"height":85,"caption":"OMH"},"image":{"@id":"https:\/\/omh.belgrade.dev\/#\/schema\/logo\/image\/"}}]}},"_links":{"self":[{"href":"https:\/\/omh.belgrade.dev\/de\/wp-json\/wp\/v2\/pages\/20750","targetHints":{"allow":["GET"]}}],"collection":[{"href":"https:\/\/omh.belgrade.dev\/de\/wp-json\/wp\/v2\/pages"}],"about":[{"href":"https:\/\/omh.belgrade.dev\/de\/wp-json\/wp\/v2\/types\/page"}],"author":[{"embeddable":true,"href":"https:\/\/omh.belgrade.dev\/de\/wp-json\/wp\/v2\/users\/1"}],"replies":[{"embeddable":true,"href":"https:\/\/omh.belgrade.dev\/de\/wp-json\/wp\/v2\/comments?post=20750"}],"version-history":[{"count":2,"href":"https:\/\/omh.belgrade.dev\/de\/wp-json\/wp\/v2\/pages\/20750\/revisions"}],"predecessor-version":[{"id":20820,"href":"https:\/\/omh.belgrade.dev\/de\/wp-json\/wp\/v2\/pages\/20750\/revisions\/20820"}],"wp:attachment":[{"href":"https:\/\/omh.belgrade.dev\/de\/wp-json\/wp\/v2\/media?parent=20750"}],"curies":[{"name":"wp","href":"https:\/\/api.w.org\/{rel}","templated":true}]}}