{"id":20834,"date":"2025-05-15T10:15:37","date_gmt":"2025-05-15T08:15:37","guid":{"rendered":"https:\/\/omh.belgrade.dev\/ueber-die-hotels\/"},"modified":"2025-05-15T11:47:05","modified_gmt":"2025-05-15T09:47:05","slug":"ueber-die-hotels","status":"publish","type":"page","link":"https:\/\/omh.belgrade.dev\/de\/ueber-die-hotels\/","title":{"rendered":"\u00dcber die Hotels"},"content":{"rendered":"\t\t<div data-elementor-type=\"wp-page\" data-elementor-id=\"20834\" class=\"elementor elementor-20834 elementor-20725\" data-elementor-post-type=\"page\">\n\t\t\t\t<section class=\"elementor-element elementor-element-d885440 e-flex e-con-boxed e-con e-parent\" data-id=\"d885440\" data-element_type=\"container\" data-settings=\"{&quot;background_background&quot;:&quot;classic&quot;}\">\n\t\t\t\t\t<div class=\"e-con-inner\">\n\t\t\t\t<div class=\"elementor-element elementor-element-a04146e elementor-widget elementor-widget-heading\" data-id=\"a04146e\" data-element_type=\"widget\" data-widget_type=\"heading.default\">\n\t\t\t\t<div class=\"elementor-widget-container\">\n\t\t\t\t\t<h1 class=\"elementor-heading-title elementor-size-default\">\n\u00dcber die Hotels<\/h1>\t\t\t\t<\/div>\n\t\t\t\t<\/div>\n\t\t\t\t\t<\/div>\n\t\t\t\t<\/section>\n\t\t<section class=\"elementor-element elementor-element-dc56c38 e-flex e-con-boxed e-con e-parent\" data-id=\"dc56c38\" data-element_type=\"container\">\n\t\t\t\t\t<div class=\"e-con-inner\">\n\t\t\t\t<div class=\"elementor-element elementor-element-51b9403 elementor-widget elementor-widget-text-editor\" data-id=\"51b9403\" data-element_type=\"widget\" data-widget_type=\"text-editor.default\">\n\t\t\t\t<div class=\"elementor-widget-container\">\n\t\t\t\t\t\t\t\t\t<p><strong>Liebe G\u00e4ste,<\/strong><br \/>die kleinen Familienhotels sind Teil des neuen Gesichts des kroatischen Tourismus. Diese Neuheit im kroatischen touristischen Angebot vereint alle Ihnen bisher bekannten Qualit\u00e4ten des kroatischen Tourismus mit den Vorz\u00fcgen, die erst in den letzten Jahren als Qualit\u00e4t erkannt wurden. Wenn Sie deshalb den Eindruck haben sollten, dass dieser Katalog etwas Neues aus Kroatien darstellt, liegen Sie vollkommen richtig.<br \/>Erlauben Sie mir, Sie mit wenigstens einigen Gr\u00fcnden bekannt zu machen, weswegen wir meinen, dass mit den kleinen Familienhotels eine neue Seite des kroatischen touristischen Angebots aufgeschlagen wurde.<br \/><br \/>Der wichtigste aller Gr\u00fcnde ist jener, der besagt, dass sich der Gast in einer nahen, unmittelbaren, famili\u00e4ren Atmosph\u00e4re am besten f\u00fchlt, in einem Umfeld, das seine Besonderheit respektiert und auf seine pers\u00f6nlichen W\u00fcnsche und Neigungen eingeht. Hier wei\u00df man, was zu tun ist, dass sich jeder als Individuum angenommen, geachtet und zufrieden f\u00fchlt. Die Herzlichkeit des pers\u00f6nlichen Kontakts ist unersetzlich, und gerade in den kleinen Familienhotels findet sich diese Form des kroatischen touristischen Angebots, die diese Herzlichkeit am besten vermitteln kann. Jemand hat bemerkt, dass dies kleine Hotels mit gro\u00dfer Seele sind.<br \/><br \/>Um Ihnen die Begegnung mit dem Besten, was Kroatien zu bieten hat, zu erm\u00f6glichen, wird jedes der Familienhotels in diesem Katalog vor dem Hintergrund der Besonderheit der Region, in der es sich befindet, vorgestellt. Im Wunsch, Sie mit den urspr\u00fcnglichen, authentischen und lokalen Werten bekannt zu machen, hat jedes Hotel seine eigene Story, die sich auf vielerlei Weise darstellt: Mit einer Architektur, die die Einfl\u00fcsse der Region widerspiegelt, mit typischem Interieur ausgestattet, mit den D\u00fcften und Geschm\u00e4cken der lokalen K\u00fcche, mit der f\u00fcr ein bestimmtes Gebiet charakteristischen Weinkarte, den Ausfl\u00fcgen, die in Landschaften f\u00fchren, die es nirgendwo sonst gibt, und mit Sport- und Erholungsaktivit\u00e4ten, f\u00fcr die einige Lokalit\u00e4ten in Kroatien wie geschaffen sind. In der Begegnung mit der heimischen Bev\u00f6lkerung sowie im Gespr\u00e4ch mit dem Hotelbesitzer ist es m\u00f6glich, etwas vom Lokalkolorit zu f\u00fchlen. Kurz gesagt, in jedem dieser Hotels ist der Geist des Ortes sp\u00fcrbar.<br \/>Vielleicht ist gerade das das gemeinsame Band, welches alle im Katalog vorgestellten, aber in vielem so unterschiedlichen Hotels, miteinander verbindet.<br \/><br \/>Anders w\u00e4hlen, spezifisch w\u00e4hlen, individualisiert w\u00e4hlen \u2013 das ist es, was wir w\u00fcnschen, dass Sie sich dessen bewusst sind, w\u00e4hrend Sie in diesem Katalog bl\u00e4ttern.<br \/><br \/><strong>Wir haben Vertrauen in Ihre Wahl.<\/strong><\/p>\t\t\t\t\t\t\t\t<\/div>\n\t\t\t\t<\/div>\n\t\t\t\t<div class=\"elementor-element elementor-element-0da2b63 elementor-list-item-link-inline link-hover-underline elementor-icon-list--layout-traditional elementor-widget elementor-widget-icon-list\" data-id=\"0da2b63\" data-element_type=\"widget\" data-widget_type=\"icon-list.default\">\n\t\t\t\t<div class=\"elementor-widget-container\">\n\t\t\t\t\t\t\t<ul class=\"elementor-icon-list-items\">\n\t\t\t\t\t\t\t<li class=\"elementor-icon-list-item\">\n\t\t\t\t\t\t\t\t\t\t\t<a href=\"\/wp-content\/uploads\/2025\/05\/OMH_Katalog.pdf\" target=\"_blank\">\n\n\t\t\t\t\t\t\t\t\t\t\t\t<span class=\"elementor-icon-list-icon\">\n\t\t\t\t\t\t\t<svg xmlns=\"http:\/\/www.w3.org\/2000\/svg\" xmlns:xlink=\"http:\/\/www.w3.org\/1999\/xlink\" id=\"Layer_1\" x=\"0px\" y=\"0px\" viewBox=\"0 0 309.267 309.267\" style=\"enable-background:new 0 0 309.267 309.267;\" xml:space=\"preserve\"><g>\t<path style=\"fill:#E2574C;\" d=\"M38.658,0h164.23l87.049,86.711v203.227c0,10.679-8.659,19.329-19.329,19.329H38.658  c-10.67,0-19.329-8.65-19.329-19.329V19.329C19.329,8.65,27.989,0,38.658,0z\"><\/path>\t<path style=\"fill:#B53629;\" d=\"M289.658,86.981h-67.372c-10.67,0-19.329-8.659-19.329-19.329V0.193L289.658,86.981z\"><\/path>\t<path style=\"fill:#FFFFFF;\" d=\"M217.434,146.544c3.238,0,4.823-2.822,4.823-5.557c0-2.832-1.653-5.567-4.823-5.567h-18.44  c-3.605,0-5.615,2.986-5.615,6.282v45.317c0,4.04,2.3,6.282,5.412,6.282c3.093,0,5.403-2.242,5.403-6.282v-12.438h11.153  c3.46,0,5.19-2.832,5.19-5.644c0-2.754-1.73-5.49-5.19-5.49h-11.153v-16.903C204.194,146.544,217.434,146.544,217.434,146.544z   M155.107,135.42h-13.492c-3.663,0-6.263,2.513-6.263,6.243v45.395c0,4.629,3.74,6.079,6.417,6.079h14.159  c16.758,0,27.824-11.027,27.824-28.047C183.743,147.095,173.325,135.42,155.107,135.42z M155.755,181.946h-8.225v-35.334h7.413  c11.221,0,16.101,7.529,16.101,17.918C171.044,174.253,166.25,181.946,155.755,181.946z M106.33,135.42H92.964  c-3.779,0-5.886,2.493-5.886,6.282v45.317c0,4.04,2.416,6.282,5.663,6.282s5.663-2.242,5.663-6.282v-13.231h8.379  c10.341,0,18.875-7.326,18.875-19.107C125.659,143.152,117.425,135.42,106.33,135.42z M106.108,163.158h-7.703v-17.097h7.703  c4.755,0,7.78,3.711,7.78,8.553C113.878,159.447,110.863,163.158,106.108,163.158z\"><\/path><\/g><g><\/g><g><\/g><g><\/g><g><\/g><g><\/g><g><\/g><g><\/g><g><\/g><g><\/g><g><\/g><g><\/g><g><\/g><g><\/g><g><\/g><g><\/g><\/svg>\t\t\t\t\t\t<\/span>\n\t\t\t\t\t\t\t\t\t\t<span class=\"elementor-icon-list-text\">Broch\u00fcre Kleine und Familienbetriebene Hotels (PDF download)<\/span>\n\t\t\t\t\t\t\t\t\t\t\t<\/a>\n\t\t\t\t\t\t\t\t\t<\/li>\n\t\t\t\t\t\t<\/ul>\n\t\t\t\t\t\t<\/div>\n\t\t\t\t<\/div>\n\t\t\t\t<div class=\"elementor-element elementor-element-5ee0d11 elementor-widget-divider--view-line elementor-widget elementor-widget-divider\" data-id=\"5ee0d11\" data-element_type=\"widget\" data-widget_type=\"divider.default\">\n\t\t\t\t<div class=\"elementor-widget-container\">\n\t\t\t\t\t\t\t<div class=\"elementor-divider\">\n\t\t\t<span class=\"elementor-divider-separator\">\n\t\t\t\t\t\t<\/span>\n\t\t<\/div>\n\t\t\t\t\t\t<\/div>\n\t\t\t\t<\/div>\n\t\t\t\t<div class=\"elementor-element elementor-element-4b1d4ba link-hover-underline elementor-widget elementor-widget-text-editor\" data-id=\"4b1d4ba\" data-element_type=\"widget\" data-widget_type=\"text-editor.default\">\n\t\t\t\t<div class=\"elementor-widget-container\">\n\t\t\t\t\t\t\t\t\t<p><strong>KROATIEN VERBAND DER KLEINEN UND FAMILIENHOTELS<\/strong><br \/>President \u0160ime Klari\u0107<br \/><br \/><strong>Executive office<\/strong><br \/>Nacionalna udruga obiteljskih i malih hotela<br \/>Obala hrvatskog narodnog preporoda 7\/3<br \/>21000 Split<br \/>Tel.+385 21 317 880<br \/>Fax. +385 21 317 881<br \/><br \/><strong>E-mail:<\/strong><br \/>Natalija O\u0161tri\u0107\u00a0\u00a0<br \/><a href=\"mailto:info@omh.hr?subject=Mail%20sa%20WEB%20stranice\">info@omh.hr<\/a><br \/><br \/>Petra Laus<br \/><a href=\"mailto:projekt@omh.hr\">projekt@omh.hr<\/a><\/p>\t\t\t\t\t\t\t\t<\/div>\n\t\t\t\t<\/div>\n\t\t\t\t\t<\/div>\n\t\t\t\t<\/section>\n\t\t\t\t<\/div>\n\t\t","protected":false},"excerpt":{"rendered":"<p>\u00dcber die Hotels Liebe G\u00e4ste,die kleinen Familienhotels sind Teil des neuen Gesichts des kroatischen Tourismus. Diese Neuheit im kroatischen touristischen Angebot vereint alle Ihnen bisher bekannten Qualit\u00e4ten des kroatischen Tourismus mit den Vorz\u00fcgen, die erst in den letzten Jahren als Qualit\u00e4t erkannt wurden. Wenn Sie deshalb den Eindruck haben sollten, dass dieser Katalog etwas Neues [&hellip;]<\/p>\n","protected":false},"author":1,"featured_media":0,"parent":0,"menu_order":0,"comment_status":"closed","ping_status":"closed","template":"","meta":{"_acf_changed":false,"footnotes":""},"class_list":["post-20834","page","type-page","status-publish","hentry"],"acf":[],"yoast_head":"<!-- This site is optimized with the Yoast SEO plugin v25.1 - https:\/\/yoast.com\/wordpress\/plugins\/seo\/ -->\n<title>Obiteljski i mali hoteli - \u00dcber die Hotels | OMH<\/title>\n<meta name=\"description\" content=\"Hotels fur Familien Kroatien, Hotels fur Kindern Kroatien, Abenteuerurlaub Kroatien, Spa Hotels Kroatien, Wellness Hotels Kroatien, Sonderangebote Hotels Kroatien, Kleine familienhotels Kroatien, Gourmet Restaurants Kroatien, Private Unterkunft Kroatien, Geschaftsreisen Kroatien\" \/>\n<meta name=\"robots\" content=\"noindex, follow, max-snippet:-1, max-image-preview:large, max-video-preview:-1\" \/>\n<meta property=\"og:locale\" content=\"de_DE\" \/>\n<meta property=\"og:type\" content=\"article\" \/>\n<meta property=\"og:title\" content=\"Obiteljski i mali hoteli - \u00dcber die Hotels | OMH\" \/>\n<meta property=\"og:description\" content=\"Hotels fur Familien Kroatien, Hotels fur Kindern Kroatien, Abenteuerurlaub Kroatien, Spa Hotels Kroatien, Wellness Hotels Kroatien, Sonderangebote Hotels Kroatien, Kleine familienhotels Kroatien, Gourmet Restaurants Kroatien, Private Unterkunft Kroatien, Geschaftsreisen Kroatien\" \/>\n<meta property=\"og:url\" content=\"https:\/\/omh.belgrade.dev\/de\/ueber-die-hotels\/\" \/>\n<meta property=\"og:site_name\" content=\"OMH\" \/>\n<meta property=\"article:modified_time\" content=\"2025-05-15T09:47:05+00:00\" \/>\n<meta name=\"twitter:card\" content=\"summary_large_image\" \/>\n<meta name=\"twitter:label1\" content=\"Gesch\u00e4tzte Lesezeit\" \/>\n\t<meta name=\"twitter:data1\" content=\"3\u00a0Minuten\" \/>\n<script type=\"application\/ld+json\" class=\"yoast-schema-graph\">{\"@context\":\"https:\/\/schema.org\",\"@graph\":[{\"@type\":\"WebPage\",\"@id\":\"https:\/\/omh.belgrade.dev\/de\/ueber-die-hotels\/\",\"url\":\"https:\/\/omh.belgrade.dev\/de\/ueber-die-hotels\/\",\"name\":\"Obiteljski i mali hoteli - \u00dcber die Hotels | OMH\",\"isPartOf\":{\"@id\":\"https:\/\/omh.belgrade.dev\/#website\"},\"datePublished\":\"2025-05-15T08:15:37+00:00\",\"dateModified\":\"2025-05-15T09:47:05+00:00\",\"description\":\"Hotels fur Familien Kroatien, Hotels fur Kindern Kroatien, Abenteuerurlaub Kroatien, Spa Hotels Kroatien, Wellness Hotels Kroatien, Sonderangebote Hotels Kroatien, Kleine familienhotels Kroatien, Gourmet Restaurants Kroatien, Private Unterkunft Kroatien, Geschaftsreisen Kroatien\",\"breadcrumb\":{\"@id\":\"https:\/\/omh.belgrade.dev\/de\/ueber-die-hotels\/#breadcrumb\"},\"inLanguage\":\"de\",\"potentialAction\":[{\"@type\":\"ReadAction\",\"target\":[\"https:\/\/omh.belgrade.dev\/de\/ueber-die-hotels\/\"]}]},{\"@type\":\"BreadcrumbList\",\"@id\":\"https:\/\/omh.belgrade.dev\/de\/ueber-die-hotels\/#breadcrumb\",\"itemListElement\":[{\"@type\":\"ListItem\",\"position\":1,\"name\":\"Home\",\"item\":\"https:\/\/omh.belgrade.dev\/\"},{\"@type\":\"ListItem\",\"position\":2,\"name\":\"\u00dcber die Hotels\"}]},{\"@type\":\"WebSite\",\"@id\":\"https:\/\/omh.belgrade.dev\/#website\",\"url\":\"https:\/\/omh.belgrade.dev\/\",\"name\":\"OMH\",\"description\":\"Obiteljski i mali hoteli\",\"publisher\":{\"@id\":\"https:\/\/omh.belgrade.dev\/#organization\"},\"potentialAction\":[{\"@type\":\"SearchAction\",\"target\":{\"@type\":\"EntryPoint\",\"urlTemplate\":\"https:\/\/omh.belgrade.dev\/?s={search_term_string}\"},\"query-input\":{\"@type\":\"PropertyValueSpecification\",\"valueRequired\":true,\"valueName\":\"search_term_string\"}}],\"inLanguage\":\"de\"},{\"@type\":\"Organization\",\"@id\":\"https:\/\/omh.belgrade.dev\/#organization\",\"name\":\"OMH\",\"url\":\"https:\/\/omh.belgrade.dev\/\",\"logo\":{\"@type\":\"ImageObject\",\"inLanguage\":\"de\",\"@id\":\"https:\/\/omh.belgrade.dev\/#\/schema\/logo\/image\/\",\"url\":\"https:\/\/omh.belgrade.dev\/wp-content\/uploads\/2025\/04\/logo_1.png\",\"contentUrl\":\"https:\/\/omh.belgrade.dev\/wp-content\/uploads\/2025\/04\/logo_1.png\",\"width\":512,\"height\":85,\"caption\":\"OMH\"},\"image\":{\"@id\":\"https:\/\/omh.belgrade.dev\/#\/schema\/logo\/image\/\"}}]}<\/script>\n<!-- \/ Yoast SEO plugin. -->","yoast_head_json":{"title":"Obiteljski i mali hoteli - \u00dcber die Hotels | OMH","description":"Hotels fur Familien Kroatien, Hotels fur Kindern Kroatien, Abenteuerurlaub Kroatien, Spa Hotels Kroatien, Wellness Hotels Kroatien, Sonderangebote Hotels Kroatien, Kleine familienhotels Kroatien, Gourmet Restaurants Kroatien, Private Unterkunft Kroatien, Geschaftsreisen Kroatien","robots":{"index":"noindex","follow":"follow","max-snippet":"max-snippet:-1","max-image-preview":"max-image-preview:large","max-video-preview":"max-video-preview:-1"},"og_locale":"de_DE","og_type":"article","og_title":"Obiteljski i mali hoteli - \u00dcber die Hotels | OMH","og_description":"Hotels fur Familien Kroatien, Hotels fur Kindern Kroatien, Abenteuerurlaub Kroatien, Spa Hotels Kroatien, Wellness Hotels Kroatien, Sonderangebote Hotels Kroatien, Kleine familienhotels Kroatien, Gourmet Restaurants Kroatien, Private Unterkunft Kroatien, Geschaftsreisen Kroatien","og_url":"https:\/\/omh.belgrade.dev\/de\/ueber-die-hotels\/","og_site_name":"OMH","article_modified_time":"2025-05-15T09:47:05+00:00","twitter_card":"summary_large_image","twitter_misc":{"Gesch\u00e4tzte Lesezeit":"3\u00a0Minuten"},"schema":{"@context":"https:\/\/schema.org","@graph":[{"@type":"WebPage","@id":"https:\/\/omh.belgrade.dev\/de\/ueber-die-hotels\/","url":"https:\/\/omh.belgrade.dev\/de\/ueber-die-hotels\/","name":"Obiteljski i mali hoteli - \u00dcber die Hotels | OMH","isPartOf":{"@id":"https:\/\/omh.belgrade.dev\/#website"},"datePublished":"2025-05-15T08:15:37+00:00","dateModified":"2025-05-15T09:47:05+00:00","description":"Hotels fur Familien Kroatien, Hotels fur Kindern Kroatien, Abenteuerurlaub Kroatien, Spa Hotels Kroatien, Wellness Hotels Kroatien, Sonderangebote Hotels Kroatien, Kleine familienhotels Kroatien, Gourmet Restaurants Kroatien, Private Unterkunft Kroatien, Geschaftsreisen Kroatien","breadcrumb":{"@id":"https:\/\/omh.belgrade.dev\/de\/ueber-die-hotels\/#breadcrumb"},"inLanguage":"de","potentialAction":[{"@type":"ReadAction","target":["https:\/\/omh.belgrade.dev\/de\/ueber-die-hotels\/"]}]},{"@type":"BreadcrumbList","@id":"https:\/\/omh.belgrade.dev\/de\/ueber-die-hotels\/#breadcrumb","itemListElement":[{"@type":"ListItem","position":1,"name":"Home","item":"https:\/\/omh.belgrade.dev\/"},{"@type":"ListItem","position":2,"name":"\u00dcber die Hotels"}]},{"@type":"WebSite","@id":"https:\/\/omh.belgrade.dev\/#website","url":"https:\/\/omh.belgrade.dev\/","name":"OMH","description":"Obiteljski i mali hoteli","publisher":{"@id":"https:\/\/omh.belgrade.dev\/#organization"},"potentialAction":[{"@type":"SearchAction","target":{"@type":"EntryPoint","urlTemplate":"https:\/\/omh.belgrade.dev\/?s={search_term_string}"},"query-input":{"@type":"PropertyValueSpecification","valueRequired":true,"valueName":"search_term_string"}}],"inLanguage":"de"},{"@type":"Organization","@id":"https:\/\/omh.belgrade.dev\/#organization","name":"OMH","url":"https:\/\/omh.belgrade.dev\/","logo":{"@type":"ImageObject","inLanguage":"de","@id":"https:\/\/omh.belgrade.dev\/#\/schema\/logo\/image\/","url":"https:\/\/omh.belgrade.dev\/wp-content\/uploads\/2025\/04\/logo_1.png","contentUrl":"https:\/\/omh.belgrade.dev\/wp-content\/uploads\/2025\/04\/logo_1.png","width":512,"height":85,"caption":"OMH"},"image":{"@id":"https:\/\/omh.belgrade.dev\/#\/schema\/logo\/image\/"}}]}},"_links":{"self":[{"href":"https:\/\/omh.belgrade.dev\/de\/wp-json\/wp\/v2\/pages\/20834","targetHints":{"allow":["GET"]}}],"collection":[{"href":"https:\/\/omh.belgrade.dev\/de\/wp-json\/wp\/v2\/pages"}],"about":[{"href":"https:\/\/omh.belgrade.dev\/de\/wp-json\/wp\/v2\/types\/page"}],"author":[{"embeddable":true,"href":"https:\/\/omh.belgrade.dev\/de\/wp-json\/wp\/v2\/users\/1"}],"replies":[{"embeddable":true,"href":"https:\/\/omh.belgrade.dev\/de\/wp-json\/wp\/v2\/comments?post=20834"}],"version-history":[{"count":4,"href":"https:\/\/omh.belgrade.dev\/de\/wp-json\/wp\/v2\/pages\/20834\/revisions"}],"predecessor-version":[{"id":20838,"href":"https:\/\/omh.belgrade.dev\/de\/wp-json\/wp\/v2\/pages\/20834\/revisions\/20838"}],"wp:attachment":[{"href":"https:\/\/omh.belgrade.dev\/de\/wp-json\/wp\/v2\/media?parent=20834"}],"curies":[{"name":"wp","href":"https:\/\/api.w.org\/{rel}","templated":true}]}}