{"id":20849,"date":"2025-05-15T10:11:25","date_gmt":"2025-05-15T08:11:25","guid":{"rendered":"https:\/\/omh.belgrade.dev\/kontakt\/"},"modified":"2025-05-15T11:55:04","modified_gmt":"2025-05-15T09:55:04","slug":"kontakt","status":"publish","type":"page","link":"https:\/\/omh.belgrade.dev\/de\/kontakt\/","title":{"rendered":"Kontakt"},"content":{"rendered":"\t\t<div data-elementor-type=\"wp-page\" data-elementor-id=\"20849\" class=\"elementor elementor-20849 elementor-20723\" data-elementor-post-type=\"page\">\n\t\t\t\t<section class=\"elementor-element elementor-element-513a6b5 e-flex e-con-boxed e-con e-parent\" data-id=\"513a6b5\" data-element_type=\"container\" data-settings=\"{&quot;background_background&quot;:&quot;classic&quot;}\">\n\t\t\t\t\t<div class=\"e-con-inner\">\n\t\t\t\t<div class=\"elementor-element elementor-element-615f45d elementor-widget elementor-widget-heading\" data-id=\"615f45d\" data-element_type=\"widget\" data-widget_type=\"heading.default\">\n\t\t\t\t<div class=\"elementor-widget-container\">\n\t\t\t\t\t<h1 class=\"elementor-heading-title elementor-size-default\">Contatto<\/h1>\t\t\t\t<\/div>\n\t\t\t\t<\/div>\n\t\t\t\t\t<\/div>\n\t\t\t\t<\/section>\n\t\t<section class=\"elementor-element elementor-element-cdeac08 e-flex e-con-boxed e-con e-parent\" data-id=\"cdeac08\" data-element_type=\"container\">\n\t\t\t\t\t<div class=\"e-con-inner\">\n\t\t\t\t<div class=\"elementor-element elementor-element-cd08082 link-hover-underline elementor-widget elementor-widget-text-editor\" data-id=\"cd08082\" data-element_type=\"widget\" data-widget_type=\"text-editor.default\">\n\t\t\t\t<div class=\"elementor-widget-container\">\n\t\t\t\t\t\t\t\t\t<p>Verband der Kleinen- und Familienhotels Kroatien<br>Pr\u00e4sident \u0160ime Klari\u0107<br><br>Postanschrift der Gesch\u00e4ftsstelle:<br><br>Nacionalna udruga obiteljskih i malih hotela<br>Obala hrvatskog narodnog preporoda 7\/3<br>21000 Split<br>Tel. +385 21 317 880<br>Fax.  +385 21 317 881<br><br> E-mail:<\/p><ul><li><a href=\"mailto:info@omh.hr\">info@omh.hr<\/a> <\/li><li><a href=\"mailto:projekt@omh.hr\">projekt@omh.hr<\/a> <\/li><li><a href=\"mailto:projekt1@omh.hr\">projekt1@omh.hr<\/a><\/li><\/ul><p><br>Pr\u00e4sident \u0160ime Klari\u0107: <a href=\"mailto:uprava@omh.hr\">uprava@omh.hr<\/a><\/p>\t\t\t\t\t\t\t\t<\/div>\n\t\t\t\t<\/div>\n\t\t\t\t\t<\/div>\n\t\t\t\t<\/section>\n\t\t\t\t<\/div>\n\t\t","protected":false},"excerpt":{"rendered":"<p>Contatto Verband der Kleinen- und Familienhotels KroatienPr\u00e4sident \u0160ime Klari\u0107 Postanschrift der Gesch\u00e4ftsstelle: Nacionalna udruga obiteljskih i malih hotelaObala hrvatskog narodnog preporoda 7\/321000 SplitTel. +385 21 317 880Fax. +385 21 317 881 E-mail: info@omh.hr projekt@omh.hr projekt1@omh.hr Pr\u00e4sident \u0160ime Klari\u0107: uprava@omh.hr<\/p>\n","protected":false},"author":1,"featured_media":0,"parent":0,"menu_order":0,"comment_status":"closed","ping_status":"closed","template":"","meta":{"_acf_changed":false,"footnotes":""},"class_list":["post-20849","page","type-page","status-publish","hentry"],"acf":[],"yoast_head":"<!-- This site is optimized with the Yoast SEO plugin v25.1 - https:\/\/yoast.com\/wordpress\/plugins\/seo\/ -->\n<title>Obiteljski i mali hoteli - Kontakt | OMH<\/title>\n<meta name=\"description\" content=\"Hotels fur Familien Kroatien, Hotels fur Kindern Kroatien, Abenteuerurlaub Kroatien, Spa Hotels Kroatien, Wellness Hotels Kroatien, Sonderangebote Hotels Kroatien, Kleine familienhotels Kroatien, Gourmet Restaurants Kroatien, Private Unterkunft Kroatien, Geschaftsreisen Kroatien\" \/>\n<meta name=\"robots\" content=\"noindex, follow, max-snippet:-1, max-image-preview:large, max-video-preview:-1\" \/>\n<meta property=\"og:locale\" content=\"de_DE\" \/>\n<meta property=\"og:type\" content=\"article\" \/>\n<meta property=\"og:title\" content=\"Obiteljski i mali hoteli - Kontakt | OMH\" \/>\n<meta property=\"og:description\" content=\"Hotels fur Familien Kroatien, Hotels fur Kindern Kroatien, Abenteuerurlaub Kroatien, Spa Hotels Kroatien, Wellness Hotels Kroatien, Sonderangebote Hotels Kroatien, Kleine familienhotels Kroatien, Gourmet Restaurants Kroatien, Private Unterkunft Kroatien, Geschaftsreisen Kroatien\" \/>\n<meta property=\"og:url\" content=\"https:\/\/omh.belgrade.dev\/de\/kontakt\/\" \/>\n<meta property=\"og:site_name\" content=\"OMH\" \/>\n<meta property=\"article:modified_time\" content=\"2025-05-15T09:55:04+00:00\" \/>\n<meta name=\"twitter:card\" content=\"summary_large_image\" \/>\n<script type=\"application\/ld+json\" class=\"yoast-schema-graph\">{\"@context\":\"https:\/\/schema.org\",\"@graph\":[{\"@type\":\"WebPage\",\"@id\":\"https:\/\/omh.belgrade.dev\/de\/kontakt\/\",\"url\":\"https:\/\/omh.belgrade.dev\/de\/kontakt\/\",\"name\":\"Obiteljski i mali hoteli - Kontakt | OMH\",\"isPartOf\":{\"@id\":\"https:\/\/omh.belgrade.dev\/#website\"},\"datePublished\":\"2025-05-15T08:11:25+00:00\",\"dateModified\":\"2025-05-15T09:55:04+00:00\",\"description\":\"Hotels fur Familien Kroatien, Hotels fur Kindern Kroatien, Abenteuerurlaub Kroatien, Spa Hotels Kroatien, Wellness Hotels Kroatien, Sonderangebote Hotels Kroatien, Kleine familienhotels Kroatien, Gourmet Restaurants Kroatien, Private Unterkunft Kroatien, Geschaftsreisen Kroatien\",\"breadcrumb\":{\"@id\":\"https:\/\/omh.belgrade.dev\/de\/kontakt\/#breadcrumb\"},\"inLanguage\":\"de\",\"potentialAction\":[{\"@type\":\"ReadAction\",\"target\":[\"https:\/\/omh.belgrade.dev\/de\/kontakt\/\"]}]},{\"@type\":\"BreadcrumbList\",\"@id\":\"https:\/\/omh.belgrade.dev\/de\/kontakt\/#breadcrumb\",\"itemListElement\":[{\"@type\":\"ListItem\",\"position\":1,\"name\":\"Home\",\"item\":\"https:\/\/omh.belgrade.dev\/\"},{\"@type\":\"ListItem\",\"position\":2,\"name\":\"Kontakt\"}]},{\"@type\":\"WebSite\",\"@id\":\"https:\/\/omh.belgrade.dev\/#website\",\"url\":\"https:\/\/omh.belgrade.dev\/\",\"name\":\"OMH\",\"description\":\"Obiteljski i mali hoteli\",\"publisher\":{\"@id\":\"https:\/\/omh.belgrade.dev\/#organization\"},\"potentialAction\":[{\"@type\":\"SearchAction\",\"target\":{\"@type\":\"EntryPoint\",\"urlTemplate\":\"https:\/\/omh.belgrade.dev\/?s={search_term_string}\"},\"query-input\":{\"@type\":\"PropertyValueSpecification\",\"valueRequired\":true,\"valueName\":\"search_term_string\"}}],\"inLanguage\":\"de\"},{\"@type\":\"Organization\",\"@id\":\"https:\/\/omh.belgrade.dev\/#organization\",\"name\":\"OMH\",\"url\":\"https:\/\/omh.belgrade.dev\/\",\"logo\":{\"@type\":\"ImageObject\",\"inLanguage\":\"de\",\"@id\":\"https:\/\/omh.belgrade.dev\/#\/schema\/logo\/image\/\",\"url\":\"https:\/\/omh.belgrade.dev\/wp-content\/uploads\/2025\/04\/logo_1.png\",\"contentUrl\":\"https:\/\/omh.belgrade.dev\/wp-content\/uploads\/2025\/04\/logo_1.png\",\"width\":512,\"height\":85,\"caption\":\"OMH\"},\"image\":{\"@id\":\"https:\/\/omh.belgrade.dev\/#\/schema\/logo\/image\/\"}}]}<\/script>\n<!-- \/ Yoast SEO plugin. -->","yoast_head_json":{"title":"Obiteljski i mali hoteli - Kontakt | OMH","description":"Hotels fur Familien Kroatien, Hotels fur Kindern Kroatien, Abenteuerurlaub Kroatien, Spa Hotels Kroatien, Wellness Hotels Kroatien, Sonderangebote Hotels Kroatien, Kleine familienhotels Kroatien, Gourmet Restaurants Kroatien, Private Unterkunft Kroatien, Geschaftsreisen Kroatien","robots":{"index":"noindex","follow":"follow","max-snippet":"max-snippet:-1","max-image-preview":"max-image-preview:large","max-video-preview":"max-video-preview:-1"},"og_locale":"de_DE","og_type":"article","og_title":"Obiteljski i mali hoteli - Kontakt | OMH","og_description":"Hotels fur Familien Kroatien, Hotels fur Kindern Kroatien, Abenteuerurlaub Kroatien, Spa Hotels Kroatien, Wellness Hotels Kroatien, Sonderangebote Hotels Kroatien, Kleine familienhotels Kroatien, Gourmet Restaurants Kroatien, Private Unterkunft Kroatien, Geschaftsreisen Kroatien","og_url":"https:\/\/omh.belgrade.dev\/de\/kontakt\/","og_site_name":"OMH","article_modified_time":"2025-05-15T09:55:04+00:00","twitter_card":"summary_large_image","schema":{"@context":"https:\/\/schema.org","@graph":[{"@type":"WebPage","@id":"https:\/\/omh.belgrade.dev\/de\/kontakt\/","url":"https:\/\/omh.belgrade.dev\/de\/kontakt\/","name":"Obiteljski i mali hoteli - Kontakt | OMH","isPartOf":{"@id":"https:\/\/omh.belgrade.dev\/#website"},"datePublished":"2025-05-15T08:11:25+00:00","dateModified":"2025-05-15T09:55:04+00:00","description":"Hotels fur Familien Kroatien, Hotels fur Kindern Kroatien, Abenteuerurlaub Kroatien, Spa Hotels Kroatien, Wellness Hotels Kroatien, Sonderangebote Hotels Kroatien, Kleine familienhotels Kroatien, Gourmet Restaurants Kroatien, Private Unterkunft Kroatien, Geschaftsreisen Kroatien","breadcrumb":{"@id":"https:\/\/omh.belgrade.dev\/de\/kontakt\/#breadcrumb"},"inLanguage":"de","potentialAction":[{"@type":"ReadAction","target":["https:\/\/omh.belgrade.dev\/de\/kontakt\/"]}]},{"@type":"BreadcrumbList","@id":"https:\/\/omh.belgrade.dev\/de\/kontakt\/#breadcrumb","itemListElement":[{"@type":"ListItem","position":1,"name":"Home","item":"https:\/\/omh.belgrade.dev\/"},{"@type":"ListItem","position":2,"name":"Kontakt"}]},{"@type":"WebSite","@id":"https:\/\/omh.belgrade.dev\/#website","url":"https:\/\/omh.belgrade.dev\/","name":"OMH","description":"Obiteljski i mali hoteli","publisher":{"@id":"https:\/\/omh.belgrade.dev\/#organization"},"potentialAction":[{"@type":"SearchAction","target":{"@type":"EntryPoint","urlTemplate":"https:\/\/omh.belgrade.dev\/?s={search_term_string}"},"query-input":{"@type":"PropertyValueSpecification","valueRequired":true,"valueName":"search_term_string"}}],"inLanguage":"de"},{"@type":"Organization","@id":"https:\/\/omh.belgrade.dev\/#organization","name":"OMH","url":"https:\/\/omh.belgrade.dev\/","logo":{"@type":"ImageObject","inLanguage":"de","@id":"https:\/\/omh.belgrade.dev\/#\/schema\/logo\/image\/","url":"https:\/\/omh.belgrade.dev\/wp-content\/uploads\/2025\/04\/logo_1.png","contentUrl":"https:\/\/omh.belgrade.dev\/wp-content\/uploads\/2025\/04\/logo_1.png","width":512,"height":85,"caption":"OMH"},"image":{"@id":"https:\/\/omh.belgrade.dev\/#\/schema\/logo\/image\/"}}]}},"_links":{"self":[{"href":"https:\/\/omh.belgrade.dev\/de\/wp-json\/wp\/v2\/pages\/20849","targetHints":{"allow":["GET"]}}],"collection":[{"href":"https:\/\/omh.belgrade.dev\/de\/wp-json\/wp\/v2\/pages"}],"about":[{"href":"https:\/\/omh.belgrade.dev\/de\/wp-json\/wp\/v2\/types\/page"}],"author":[{"embeddable":true,"href":"https:\/\/omh.belgrade.dev\/de\/wp-json\/wp\/v2\/users\/1"}],"replies":[{"embeddable":true,"href":"https:\/\/omh.belgrade.dev\/de\/wp-json\/wp\/v2\/comments?post=20849"}],"version-history":[{"count":1,"href":"https:\/\/omh.belgrade.dev\/de\/wp-json\/wp\/v2\/pages\/20849\/revisions"}],"predecessor-version":[{"id":20850,"href":"https:\/\/omh.belgrade.dev\/de\/wp-json\/wp\/v2\/pages\/20849\/revisions\/20850"}],"wp:attachment":[{"href":"https:\/\/omh.belgrade.dev\/de\/wp-json\/wp\/v2\/media?parent=20849"}],"curies":[{"name":"wp","href":"https:\/\/api.w.org\/{rel}","templated":true}]}}