{"id":10373,"date":"2025-04-25T17:30:44","date_gmt":"2025-04-25T15:30:44","guid":{"rendered":"https:\/\/omh.belgrade.dev\/about-the-association\/"},"modified":"2025-05-02T12:07:07","modified_gmt":"2025-05-02T10:07:07","slug":"about-the-association","status":"publish","type":"page","link":"https:\/\/omh.belgrade.dev\/en\/about-the-association\/","title":{"rendered":"About the Association"},"content":{"rendered":"\t\t<div data-elementor-type=\"wp-page\" data-elementor-id=\"10373\" class=\"elementor elementor-10373 elementor-1061\" data-elementor-post-type=\"page\">\n\t\t\t\t<section class=\"elementor-element elementor-element-cdbc0f3 e-flex e-con-boxed e-con e-parent\" data-id=\"cdbc0f3\" data-element_type=\"container\" data-settings=\"{&quot;background_background&quot;:&quot;classic&quot;}\">\n\t\t\t\t\t<div class=\"e-con-inner\">\n\t\t\t\t<div class=\"elementor-element elementor-element-5e1c60a elementor-widget elementor-widget-heading\" data-id=\"5e1c60a\" data-element_type=\"widget\" data-widget_type=\"heading.default\">\n\t\t\t\t<div class=\"elementor-widget-container\">\n\t\t\t\t\t<h1 class=\"elementor-heading-title elementor-size-default\">About the Association<\/h1>\t\t\t\t<\/div>\n\t\t\t\t<\/div>\n\t\t\t\t\t<\/div>\n\t\t\t\t<\/section>\n\t\t<section class=\"elementor-element elementor-element-8bd54ac e-flex e-con-boxed e-con e-parent\" data-id=\"8bd54ac\" data-element_type=\"container\">\n\t\t\t\t\t<div class=\"e-con-inner\">\n\t\t\t\t<div class=\"elementor-element elementor-element-454b104 elementor-widget elementor-widget-text-editor\" data-id=\"454b104\" data-element_type=\"widget\" data-widget_type=\"text-editor.default\">\n\t\t\t\t<div class=\"elementor-widget-container\">\n\t\t\t\t\t\t\t\t\t<p>The National Association of Family and Small Hotels (OMH) was founded in 2004, driven by the need of a growing number of small hoteliers for an association that would represent their specific interests and enable continuous improvement in the quality of their offerings. <\/p><p>The mission of the OMH Association is to unite the best family and small hotels in Croatia, which stand out for their uniqueness, recognizable quality, and authenticity, ensuring guests an unforgettable experience, giving members a strong voice and better business opportunities, providing the tourism sector with an advanced group, and being a socially and ecologically responsible partner to local communities and the country as a whole.<br>With the ultimate goal of improving the business conditions for family and small hotels, the Association has set the following primary objectives: creating an internationally competitive product based on quality, uniqueness, individuality, and authenticity; ensuring better conditions for procurement\/acquisition of capital, products, and services; gaining credibility and influence with tourism policy makers; raising the quality of accommodation facilities and services through certification programs, education, and consulting.<br>In order to achieve these goals, the Association has planned activities in the areas of marketing, categorization, certification, inspection, lobbying, education, consulting services, and dissemination of information. The establishment of an internationally recognized brand for Croatian family and small hotels is also foreseen.[1]    <\/p><p>The National Association of Family and Small Hotels currently has 146 hotels and 66 high-quality guesthouses and agro-homes as part of its regular and affiliated membership, representing a financially independent interest group across all of Croatia. Over the past two years, the Association has initiated and implemented several significant projects, including the programs \u2018Incentive for Success\u2019 and \u2018Incentive for Family Hotels\u2019, which provide more favorable financing sources for small hoteliers; the creation of the \u2018Family and Small Hotels\u2019 catalog, which is distributed in 120,000 copies in eleven world languages in collaboration with the Croatian National Tourist Board (HTZ); agreements with around 20 suppliers, including Konzum, Podravka, Croatia Insurance, SMS, HAK, etc., providing members with more favorable discounts and annual bonuses based on achieved sales.<\/p><p>The founding of the OMH Association has undoubtedly proven to be a \u2018right project at the right time.\u2019 Given the increasing awareness of the need for a strategic shift in Croatian tourism towards an offer that, in light of the competitive environment, will necessarily have to emphasize the authentic values of the local environment, preserved and well-maintained natural surroundings, an individualized approach to guests, and the imaginative and experiential aspects of the product, OMH, as an entrepreneurial and easily adaptable group to trends, has exceptional potential not only to contribute but also to lead the strategic shift in Croatian tourism. <\/p>\t\t\t\t\t\t\t\t<\/div>\n\t\t\t\t<\/div>\n\t\t\t\t<div class=\"elementor-element elementor-element-5f78cdb elementor-widget elementor-widget-text-editor\" data-id=\"5f78cdb\" data-element_type=\"widget\" data-widget_type=\"text-editor.default\">\n\t\t\t\t<div class=\"elementor-widget-container\">\n\t\t\t\t\t\t\t\t\t<p>[1] Statute of the National Association of Family and Small Hotels, Articles 6, 7 and 8. <\/p>\t\t\t\t\t\t\t\t<\/div>\n\t\t\t\t<\/div>\n\t\t\t\t\t<\/div>\n\t\t\t\t<\/section>\n\t\t\t\t<\/div>\n\t\t","protected":false},"excerpt":{"rendered":"<p>About the Association The National Association of Family and Small Hotels (OMH) was founded in 2004, driven by the need of a growing number of small hoteliers for an association that would represent their specific interests and enable continuous improvement in the quality of their offerings. The mission of the OMH Association is to unite [&hellip;]<\/p>\n","protected":false},"author":1,"featured_media":0,"parent":0,"menu_order":0,"comment_status":"closed","ping_status":"closed","template":"","meta":{"_acf_changed":false,"footnotes":""},"class_list":["post-10373","page","type-page","status-publish","hentry"],"acf":[],"yoast_head":"<!-- This site is optimized with the Yoast SEO plugin v25.1 - https:\/\/yoast.com\/wordpress\/plugins\/seo\/ -->\n<title>Obiteljski i mali hoteli - About the Association | OMH<\/title>\n<meta name=\"description\" content=\"obiteljski odmor, odmos s obitelji, mali wellness hoteli, mali spa hoteli, heritage hoteli, aktivni odmor, biciklisti\u010dke ture, mali hoteli u dalmaciji, gourmet restorani, privatni smje\u0161taj, posebne ponude hotela, Valentinovo, prolje\u0107e, Uskrs, akcijske cijene u predsezoni, medeni mjesec, romanti\u010dni vikend, vikend za dvoje\" \/>\n<meta name=\"robots\" content=\"noindex, follow, max-snippet:-1, max-image-preview:large, max-video-preview:-1\" \/>\n<meta property=\"og:locale\" content=\"en_US\" \/>\n<meta property=\"og:type\" content=\"article\" \/>\n<meta property=\"og:title\" content=\"Obiteljski i mali hoteli - About the Association | OMH\" \/>\n<meta property=\"og:description\" content=\"obiteljski odmor, odmos s obitelji, mali wellness hoteli, mali spa hoteli, heritage hoteli, aktivni odmor, biciklisti\u010dke ture, mali hoteli u dalmaciji, gourmet restorani, privatni smje\u0161taj, posebne ponude hotela, Valentinovo, prolje\u0107e, Uskrs, akcijske cijene u predsezoni, medeni mjesec, romanti\u010dni vikend, vikend za dvoje\" \/>\n<meta property=\"og:url\" content=\"https:\/\/omh.belgrade.dev\/en\/about-the-association\/\" \/>\n<meta property=\"og:site_name\" content=\"OMH\" \/>\n<meta property=\"article:modified_time\" content=\"2025-05-02T10:07:07+00:00\" \/>\n<meta name=\"twitter:card\" content=\"summary_large_image\" \/>\n<meta name=\"twitter:label1\" content=\"Est. reading time\" \/>\n\t<meta name=\"twitter:data1\" content=\"2 minutes\" \/>\n<script type=\"application\/ld+json\" class=\"yoast-schema-graph\">{\"@context\":\"https:\/\/schema.org\",\"@graph\":[{\"@type\":\"WebPage\",\"@id\":\"https:\/\/omh.belgrade.dev\/en\/about-the-association\/\",\"url\":\"https:\/\/omh.belgrade.dev\/en\/about-the-association\/\",\"name\":\"Obiteljski i mali hoteli - About the Association | OMH\",\"isPartOf\":{\"@id\":\"https:\/\/omh.belgrade.dev\/#website\"},\"datePublished\":\"2025-04-25T15:30:44+00:00\",\"dateModified\":\"2025-05-02T10:07:07+00:00\",\"description\":\"obiteljski odmor, odmos s obitelji, mali wellness hoteli, mali spa hoteli, heritage hoteli, aktivni odmor, biciklisti\u010dke ture, mali hoteli u dalmaciji, gourmet restorani, privatni smje\u0161taj, posebne ponude hotela, Valentinovo, prolje\u0107e, Uskrs, akcijske cijene u predsezoni, medeni mjesec, romanti\u010dni vikend, vikend za dvoje\",\"breadcrumb\":{\"@id\":\"https:\/\/omh.belgrade.dev\/en\/about-the-association\/#breadcrumb\"},\"inLanguage\":\"en-US\",\"potentialAction\":[{\"@type\":\"ReadAction\",\"target\":[\"https:\/\/omh.belgrade.dev\/en\/about-the-association\/\"]}]},{\"@type\":\"BreadcrumbList\",\"@id\":\"https:\/\/omh.belgrade.dev\/en\/about-the-association\/#breadcrumb\",\"itemListElement\":[{\"@type\":\"ListItem\",\"position\":1,\"name\":\"Home\",\"item\":\"https:\/\/omh.belgrade.dev\/en\/homepage\/\"},{\"@type\":\"ListItem\",\"position\":2,\"name\":\"About the Association\"}]},{\"@type\":\"WebSite\",\"@id\":\"https:\/\/omh.belgrade.dev\/#website\",\"url\":\"https:\/\/omh.belgrade.dev\/\",\"name\":\"OMH\",\"description\":\"Obiteljski i mali hoteli\",\"publisher\":{\"@id\":\"https:\/\/omh.belgrade.dev\/#organization\"},\"potentialAction\":[{\"@type\":\"SearchAction\",\"target\":{\"@type\":\"EntryPoint\",\"urlTemplate\":\"https:\/\/omh.belgrade.dev\/?s={search_term_string}\"},\"query-input\":{\"@type\":\"PropertyValueSpecification\",\"valueRequired\":true,\"valueName\":\"search_term_string\"}}],\"inLanguage\":\"en-US\"},{\"@type\":\"Organization\",\"@id\":\"https:\/\/omh.belgrade.dev\/#organization\",\"name\":\"OMH\",\"url\":\"https:\/\/omh.belgrade.dev\/\",\"logo\":{\"@type\":\"ImageObject\",\"inLanguage\":\"en-US\",\"@id\":\"https:\/\/omh.belgrade.dev\/#\/schema\/logo\/image\/\",\"url\":\"https:\/\/omh.belgrade.dev\/wp-content\/uploads\/2025\/04\/logo_1.png\",\"contentUrl\":\"https:\/\/omh.belgrade.dev\/wp-content\/uploads\/2025\/04\/logo_1.png\",\"width\":512,\"height\":85,\"caption\":\"OMH\"},\"image\":{\"@id\":\"https:\/\/omh.belgrade.dev\/#\/schema\/logo\/image\/\"}}]}<\/script>\n<!-- \/ Yoast SEO plugin. -->","yoast_head_json":{"title":"Obiteljski i mali hoteli - About the Association | OMH","description":"obiteljski odmor, odmos s obitelji, mali wellness hoteli, mali spa hoteli, heritage hoteli, aktivni odmor, biciklisti\u010dke ture, mali hoteli u dalmaciji, gourmet restorani, privatni smje\u0161taj, posebne ponude hotela, Valentinovo, prolje\u0107e, Uskrs, akcijske cijene u predsezoni, medeni mjesec, romanti\u010dni vikend, vikend za dvoje","robots":{"index":"noindex","follow":"follow","max-snippet":"max-snippet:-1","max-image-preview":"max-image-preview:large","max-video-preview":"max-video-preview:-1"},"og_locale":"en_US","og_type":"article","og_title":"Obiteljski i mali hoteli - About the Association | OMH","og_description":"obiteljski odmor, odmos s obitelji, mali wellness hoteli, mali spa hoteli, heritage hoteli, aktivni odmor, biciklisti\u010dke ture, mali hoteli u dalmaciji, gourmet restorani, privatni smje\u0161taj, posebne ponude hotela, Valentinovo, prolje\u0107e, Uskrs, akcijske cijene u predsezoni, medeni mjesec, romanti\u010dni vikend, vikend za dvoje","og_url":"https:\/\/omh.belgrade.dev\/en\/about-the-association\/","og_site_name":"OMH","article_modified_time":"2025-05-02T10:07:07+00:00","twitter_card":"summary_large_image","twitter_misc":{"Est. reading time":"2 minutes"},"schema":{"@context":"https:\/\/schema.org","@graph":[{"@type":"WebPage","@id":"https:\/\/omh.belgrade.dev\/en\/about-the-association\/","url":"https:\/\/omh.belgrade.dev\/en\/about-the-association\/","name":"Obiteljski i mali hoteli - About the Association | OMH","isPartOf":{"@id":"https:\/\/omh.belgrade.dev\/#website"},"datePublished":"2025-04-25T15:30:44+00:00","dateModified":"2025-05-02T10:07:07+00:00","description":"obiteljski odmor, odmos s obitelji, mali wellness hoteli, mali spa hoteli, heritage hoteli, aktivni odmor, biciklisti\u010dke ture, mali hoteli u dalmaciji, gourmet restorani, privatni smje\u0161taj, posebne ponude hotela, Valentinovo, prolje\u0107e, Uskrs, akcijske cijene u predsezoni, medeni mjesec, romanti\u010dni vikend, vikend za dvoje","breadcrumb":{"@id":"https:\/\/omh.belgrade.dev\/en\/about-the-association\/#breadcrumb"},"inLanguage":"en-US","potentialAction":[{"@type":"ReadAction","target":["https:\/\/omh.belgrade.dev\/en\/about-the-association\/"]}]},{"@type":"BreadcrumbList","@id":"https:\/\/omh.belgrade.dev\/en\/about-the-association\/#breadcrumb","itemListElement":[{"@type":"ListItem","position":1,"name":"Home","item":"https:\/\/omh.belgrade.dev\/en\/homepage\/"},{"@type":"ListItem","position":2,"name":"About the Association"}]},{"@type":"WebSite","@id":"https:\/\/omh.belgrade.dev\/#website","url":"https:\/\/omh.belgrade.dev\/","name":"OMH","description":"Obiteljski i mali hoteli","publisher":{"@id":"https:\/\/omh.belgrade.dev\/#organization"},"potentialAction":[{"@type":"SearchAction","target":{"@type":"EntryPoint","urlTemplate":"https:\/\/omh.belgrade.dev\/?s={search_term_string}"},"query-input":{"@type":"PropertyValueSpecification","valueRequired":true,"valueName":"search_term_string"}}],"inLanguage":"en-US"},{"@type":"Organization","@id":"https:\/\/omh.belgrade.dev\/#organization","name":"OMH","url":"https:\/\/omh.belgrade.dev\/","logo":{"@type":"ImageObject","inLanguage":"en-US","@id":"https:\/\/omh.belgrade.dev\/#\/schema\/logo\/image\/","url":"https:\/\/omh.belgrade.dev\/wp-content\/uploads\/2025\/04\/logo_1.png","contentUrl":"https:\/\/omh.belgrade.dev\/wp-content\/uploads\/2025\/04\/logo_1.png","width":512,"height":85,"caption":"OMH"},"image":{"@id":"https:\/\/omh.belgrade.dev\/#\/schema\/logo\/image\/"}}]}},"_links":{"self":[{"href":"https:\/\/omh.belgrade.dev\/en\/wp-json\/wp\/v2\/pages\/10373","targetHints":{"allow":["GET"]}}],"collection":[{"href":"https:\/\/omh.belgrade.dev\/en\/wp-json\/wp\/v2\/pages"}],"about":[{"href":"https:\/\/omh.belgrade.dev\/en\/wp-json\/wp\/v2\/types\/page"}],"author":[{"embeddable":true,"href":"https:\/\/omh.belgrade.dev\/en\/wp-json\/wp\/v2\/users\/1"}],"replies":[{"embeddable":true,"href":"https:\/\/omh.belgrade.dev\/en\/wp-json\/wp\/v2\/comments?post=10373"}],"version-history":[{"count":1,"href":"https:\/\/omh.belgrade.dev\/en\/wp-json\/wp\/v2\/pages\/10373\/revisions"}],"predecessor-version":[{"id":10374,"href":"https:\/\/omh.belgrade.dev\/en\/wp-json\/wp\/v2\/pages\/10373\/revisions\/10374"}],"wp:attachment":[{"href":"https:\/\/omh.belgrade.dev\/en\/wp-json\/wp\/v2\/media?parent=10373"}],"curies":[{"name":"wp","href":"https:\/\/api.w.org\/{rel}","templated":true}]}}