{"id":12042,"date":"2025-05-07T10:45:30","date_gmt":"2025-05-07T08:45:30","guid":{"rendered":"https:\/\/omh.belgrade.dev\/book-now\/"},"modified":"2025-05-07T11:00:02","modified_gmt":"2025-05-07T09:00:02","slug":"book-now","status":"publish","type":"page","link":"https:\/\/omh.belgrade.dev\/en\/book-now\/","title":{"rendered":"Book Now"},"content":{"rendered":"\t\t<div data-elementor-type=\"wp-page\" data-elementor-id=\"12042\" class=\"elementor elementor-12042 elementor-12024\" data-elementor-post-type=\"page\">\n\t\t\t\t<div class=\"elementor-element elementor-element-051d869 e-flex e-con-boxed e-con e-parent\" data-id=\"051d869\" data-element_type=\"container\">\n\t\t\t\t\t<div class=\"e-con-inner\">\n\t\t\t\t<div class=\"elementor-element elementor-element-380b1f6 elementor-widget elementor-widget-html\" data-id=\"380b1f6\" data-element_type=\"widget\" data-widget_type=\"html.default\">\n\t\t\t\t<div class=\"elementor-widget-container\">\n\t\t\t\t\t<div id=\"wbproot\"><\/div>\t\t\t\t<\/div>\n\t\t\t\t<\/div>\n\t\t\t\t\t<\/div>\n\t\t\t\t<\/div>\n\t\t\t\t<\/div>\n\t\t","protected":false},"excerpt":{"rendered":"","protected":false},"author":1,"featured_media":0,"parent":0,"menu_order":0,"comment_status":"closed","ping_status":"closed","template":"","meta":{"_acf_changed":false,"footnotes":""},"class_list":["post-12042","page","type-page","status-publish","hentry"],"acf":[],"yoast_head":"<!-- This site is optimized with the Yoast SEO plugin v25.1 - https:\/\/yoast.com\/wordpress\/plugins\/seo\/ -->\n<title>Obiteljski i mali hoteli - Book Now | OMH<\/title>\n<meta name=\"description\" content=\"obiteljski odmor, odmos s obitelji, mali wellness hoteli, mali spa hoteli, heritage hoteli, aktivni odmor, biciklisti\u010dke ture, mali hoteli u dalmaciji, gourmet restorani, privatni smje\u0161taj, posebne ponude hotela, Valentinovo, prolje\u0107e, Uskrs, akcijske cijene u predsezoni, medeni mjesec, romanti\u010dni vikend, vikend za dvoje\" \/>\n<meta name=\"robots\" content=\"noindex, follow, max-snippet:-1, max-image-preview:large, max-video-preview:-1\" \/>\n<meta property=\"og:locale\" content=\"en_US\" \/>\n<meta property=\"og:type\" content=\"article\" \/>\n<meta property=\"og:title\" content=\"Obiteljski i mali hoteli - Book Now | OMH\" \/>\n<meta property=\"og:description\" content=\"obiteljski odmor, odmos s obitelji, mali wellness hoteli, mali spa hoteli, heritage hoteli, aktivni odmor, biciklisti\u010dke ture, mali hoteli u dalmaciji, gourmet restorani, privatni smje\u0161taj, posebne ponude hotela, Valentinovo, prolje\u0107e, Uskrs, akcijske cijene u predsezoni, medeni mjesec, romanti\u010dni vikend, vikend za dvoje\" \/>\n<meta property=\"og:url\" content=\"https:\/\/omh.belgrade.dev\/en\/book-now\/\" \/>\n<meta property=\"og:site_name\" content=\"OMH\" \/>\n<meta property=\"article:modified_time\" content=\"2025-05-07T09:00:02+00:00\" \/>\n<meta name=\"twitter:card\" content=\"summary_large_image\" \/>\n<script type=\"application\/ld+json\" class=\"yoast-schema-graph\">{\"@context\":\"https:\/\/schema.org\",\"@graph\":[{\"@type\":\"WebPage\",\"@id\":\"https:\/\/omh.belgrade.dev\/en\/book-now\/\",\"url\":\"https:\/\/omh.belgrade.dev\/en\/book-now\/\",\"name\":\"Obiteljski i mali hoteli - Book Now | OMH\",\"isPartOf\":{\"@id\":\"https:\/\/omh.belgrade.dev\/#website\"},\"datePublished\":\"2025-05-07T08:45:30+00:00\",\"dateModified\":\"2025-05-07T09:00:02+00:00\",\"description\":\"obiteljski odmor, odmos s obitelji, mali wellness hoteli, mali spa hoteli, heritage hoteli, aktivni odmor, biciklisti\u010dke ture, mali hoteli u dalmaciji, gourmet restorani, privatni smje\u0161taj, posebne ponude hotela, Valentinovo, prolje\u0107e, Uskrs, akcijske cijene u predsezoni, medeni mjesec, romanti\u010dni vikend, vikend za dvoje\",\"breadcrumb\":{\"@id\":\"https:\/\/omh.belgrade.dev\/en\/book-now\/#breadcrumb\"},\"inLanguage\":\"en-US\",\"potentialAction\":[{\"@type\":\"ReadAction\",\"target\":[\"https:\/\/omh.belgrade.dev\/en\/book-now\/\"]}]},{\"@type\":\"BreadcrumbList\",\"@id\":\"https:\/\/omh.belgrade.dev\/en\/book-now\/#breadcrumb\",\"itemListElement\":[{\"@type\":\"ListItem\",\"position\":1,\"name\":\"Home\",\"item\":\"https:\/\/omh.belgrade.dev\/en\/homepage\/\"},{\"@type\":\"ListItem\",\"position\":2,\"name\":\"Book Now\"}]},{\"@type\":\"WebSite\",\"@id\":\"https:\/\/omh.belgrade.dev\/#website\",\"url\":\"https:\/\/omh.belgrade.dev\/\",\"name\":\"OMH\",\"description\":\"Obiteljski i mali hoteli\",\"publisher\":{\"@id\":\"https:\/\/omh.belgrade.dev\/#organization\"},\"potentialAction\":[{\"@type\":\"SearchAction\",\"target\":{\"@type\":\"EntryPoint\",\"urlTemplate\":\"https:\/\/omh.belgrade.dev\/?s={search_term_string}\"},\"query-input\":{\"@type\":\"PropertyValueSpecification\",\"valueRequired\":true,\"valueName\":\"search_term_string\"}}],\"inLanguage\":\"en-US\"},{\"@type\":\"Organization\",\"@id\":\"https:\/\/omh.belgrade.dev\/#organization\",\"name\":\"OMH\",\"url\":\"https:\/\/omh.belgrade.dev\/\",\"logo\":{\"@type\":\"ImageObject\",\"inLanguage\":\"en-US\",\"@id\":\"https:\/\/omh.belgrade.dev\/#\/schema\/logo\/image\/\",\"url\":\"https:\/\/omh.belgrade.dev\/wp-content\/uploads\/2025\/04\/logo_1.png\",\"contentUrl\":\"https:\/\/omh.belgrade.dev\/wp-content\/uploads\/2025\/04\/logo_1.png\",\"width\":512,\"height\":85,\"caption\":\"OMH\"},\"image\":{\"@id\":\"https:\/\/omh.belgrade.dev\/#\/schema\/logo\/image\/\"}}]}<\/script>\n<!-- \/ Yoast SEO plugin. -->","yoast_head_json":{"title":"Obiteljski i mali hoteli - Book Now | OMH","description":"obiteljski odmor, odmos s obitelji, mali wellness hoteli, mali spa hoteli, heritage hoteli, aktivni odmor, biciklisti\u010dke ture, mali hoteli u dalmaciji, gourmet restorani, privatni smje\u0161taj, posebne ponude hotela, Valentinovo, prolje\u0107e, Uskrs, akcijske cijene u predsezoni, medeni mjesec, romanti\u010dni vikend, vikend za dvoje","robots":{"index":"noindex","follow":"follow","max-snippet":"max-snippet:-1","max-image-preview":"max-image-preview:large","max-video-preview":"max-video-preview:-1"},"og_locale":"en_US","og_type":"article","og_title":"Obiteljski i mali hoteli - Book Now | OMH","og_description":"obiteljski odmor, odmos s obitelji, mali wellness hoteli, mali spa hoteli, heritage hoteli, aktivni odmor, biciklisti\u010dke ture, mali hoteli u dalmaciji, gourmet restorani, privatni smje\u0161taj, posebne ponude hotela, Valentinovo, prolje\u0107e, Uskrs, akcijske cijene u predsezoni, medeni mjesec, romanti\u010dni vikend, vikend za dvoje","og_url":"https:\/\/omh.belgrade.dev\/en\/book-now\/","og_site_name":"OMH","article_modified_time":"2025-05-07T09:00:02+00:00","twitter_card":"summary_large_image","schema":{"@context":"https:\/\/schema.org","@graph":[{"@type":"WebPage","@id":"https:\/\/omh.belgrade.dev\/en\/book-now\/","url":"https:\/\/omh.belgrade.dev\/en\/book-now\/","name":"Obiteljski i mali hoteli - Book Now | OMH","isPartOf":{"@id":"https:\/\/omh.belgrade.dev\/#website"},"datePublished":"2025-05-07T08:45:30+00:00","dateModified":"2025-05-07T09:00:02+00:00","description":"obiteljski odmor, odmos s obitelji, mali wellness hoteli, mali spa hoteli, heritage hoteli, aktivni odmor, biciklisti\u010dke ture, mali hoteli u dalmaciji, gourmet restorani, privatni smje\u0161taj, posebne ponude hotela, Valentinovo, prolje\u0107e, Uskrs, akcijske cijene u predsezoni, medeni mjesec, romanti\u010dni vikend, vikend za dvoje","breadcrumb":{"@id":"https:\/\/omh.belgrade.dev\/en\/book-now\/#breadcrumb"},"inLanguage":"en-US","potentialAction":[{"@type":"ReadAction","target":["https:\/\/omh.belgrade.dev\/en\/book-now\/"]}]},{"@type":"BreadcrumbList","@id":"https:\/\/omh.belgrade.dev\/en\/book-now\/#breadcrumb","itemListElement":[{"@type":"ListItem","position":1,"name":"Home","item":"https:\/\/omh.belgrade.dev\/en\/homepage\/"},{"@type":"ListItem","position":2,"name":"Book Now"}]},{"@type":"WebSite","@id":"https:\/\/omh.belgrade.dev\/#website","url":"https:\/\/omh.belgrade.dev\/","name":"OMH","description":"Obiteljski i mali hoteli","publisher":{"@id":"https:\/\/omh.belgrade.dev\/#organization"},"potentialAction":[{"@type":"SearchAction","target":{"@type":"EntryPoint","urlTemplate":"https:\/\/omh.belgrade.dev\/?s={search_term_string}"},"query-input":{"@type":"PropertyValueSpecification","valueRequired":true,"valueName":"search_term_string"}}],"inLanguage":"en-US"},{"@type":"Organization","@id":"https:\/\/omh.belgrade.dev\/#organization","name":"OMH","url":"https:\/\/omh.belgrade.dev\/","logo":{"@type":"ImageObject","inLanguage":"en-US","@id":"https:\/\/omh.belgrade.dev\/#\/schema\/logo\/image\/","url":"https:\/\/omh.belgrade.dev\/wp-content\/uploads\/2025\/04\/logo_1.png","contentUrl":"https:\/\/omh.belgrade.dev\/wp-content\/uploads\/2025\/04\/logo_1.png","width":512,"height":85,"caption":"OMH"},"image":{"@id":"https:\/\/omh.belgrade.dev\/#\/schema\/logo\/image\/"}}]}},"_links":{"self":[{"href":"https:\/\/omh.belgrade.dev\/en\/wp-json\/wp\/v2\/pages\/12042","targetHints":{"allow":["GET"]}}],"collection":[{"href":"https:\/\/omh.belgrade.dev\/en\/wp-json\/wp\/v2\/pages"}],"about":[{"href":"https:\/\/omh.belgrade.dev\/en\/wp-json\/wp\/v2\/types\/page"}],"author":[{"embeddable":true,"href":"https:\/\/omh.belgrade.dev\/en\/wp-json\/wp\/v2\/users\/1"}],"replies":[{"embeddable":true,"href":"https:\/\/omh.belgrade.dev\/en\/wp-json\/wp\/v2\/comments?post=12042"}],"version-history":[{"count":1,"href":"https:\/\/omh.belgrade.dev\/en\/wp-json\/wp\/v2\/pages\/12042\/revisions"}],"predecessor-version":[{"id":12043,"href":"https:\/\/omh.belgrade.dev\/en\/wp-json\/wp\/v2\/pages\/12042\/revisions\/12043"}],"wp:attachment":[{"href":"https:\/\/omh.belgrade.dev\/en\/wp-json\/wp\/v2\/media?parent=12042"}],"curies":[{"name":"wp","href":"https:\/\/api.w.org\/{rel}","templated":true}]}}