{"id":20839,"date":"2025-05-15T10:15:37","date_gmt":"2025-05-15T08:15:37","guid":{"rendered":"https:\/\/omh.belgrade.dev\/sugli-alberghi\/"},"modified":"2025-05-15T11:50:41","modified_gmt":"2025-05-15T09:50:41","slug":"sugli-alberghi","status":"publish","type":"page","link":"https:\/\/omh.belgrade.dev\/it\/sugli-alberghi\/","title":{"rendered":"Sugli Alberghi"},"content":{"rendered":"\t\t<div data-elementor-type=\"wp-page\" data-elementor-id=\"20839\" class=\"elementor elementor-20839 elementor-20725\" data-elementor-post-type=\"page\">\n\t\t\t\t<section class=\"elementor-element elementor-element-d885440 e-flex e-con-boxed e-con e-parent\" data-id=\"d885440\" data-element_type=\"container\" data-settings=\"{&quot;background_background&quot;:&quot;classic&quot;}\">\n\t\t\t\t\t<div class=\"e-con-inner\">\n\t\t\t\t<div class=\"elementor-element elementor-element-a04146e elementor-widget elementor-widget-heading\" data-id=\"a04146e\" data-element_type=\"widget\" data-widget_type=\"heading.default\">\n\t\t\t\t<div class=\"elementor-widget-container\">\n\t\t\t\t\t<h1 class=\"elementor-heading-title elementor-size-default\">\nSugli Alberghi<\/h1>\t\t\t\t<\/div>\n\t\t\t\t<\/div>\n\t\t\t\t\t<\/div>\n\t\t\t\t<\/section>\n\t\t<section class=\"elementor-element elementor-element-dc56c38 e-flex e-con-boxed e-con e-parent\" data-id=\"dc56c38\" data-element_type=\"container\">\n\t\t\t\t\t<div class=\"e-con-inner\">\n\t\t\t\t<div class=\"elementor-element elementor-element-51b9403 elementor-widget elementor-widget-text-editor\" data-id=\"51b9403\" data-element_type=\"widget\" data-widget_type=\"text-editor.default\">\n\t\t\t\t<div class=\"elementor-widget-container\">\n\t\t\t\t\t\t\t\t\t<p><strong>Cari ospiti!<\/strong><br \/><br \/>I piccoli hotel a conduzione familiare sono una parte importante del nuovo volto del turismo croato. Si tratta di una novit\u00e0 nell\u2019offerta turistica croata che unisce tutte le qualit\u00e0 del turismo croato, che avete avuto modo di conoscere sinora, a quei vantaggi che si sono espressi appieno soltanto negli ultimi anni. Se vi sembra che anche questo catalogo rappresenti qualcosa di nuovo nel panorama del turismo croato, vi dimostreremo che avete perfettamente ragione.<br \/><br \/>Permettetemi di farvi conoscere almeno alcuni dei motivi in base ai quali riteniamo che, con l\u2019entrata in scena dei piccoli hotel a conduzione familiare, s\u2019apra una nuova pagina nell\u2019offerta turistica croata.<br \/><br \/>Tra tutti, riteniamo che il pi\u00f9 importante sia il far sentire l\u2019ospite a proprio agio in un\u2019atmosfera amichevole, diretta e familiare. In un\u2019atmosfera, dunque, che dia ascolto alle esigenze del singolo, rispetti i suoi desideri personali e le sue attitudini, si adoperi affi nch\u00e9 ognuno si senta accettato, rispettato e soddisfatto come individuo. Il calore dell\u2019approccio umano \u00e8 un valore aggiunto nel mercato turistico attuale, e i piccoli hotel a conduzione familiare rappresentano uno specifi co nell\u2019ambito dell\u2019offerta turistica croata, che d\u00e0 il rilievo maggiore a questo calore. \u00c8 gi\u00e0 stato detto che si tratta di hotel di piccole dimensioni, ma con una grande anima.<br \/><br \/>Tenendo sempre presente l\u2019obiettivo di segnalare il meglio di ci\u00f2 che si offre in Croazia, ogni hotel a conduzione familiare \u2013 presentato in questo catalogo &#8211; viene descritto collegandosi direttamente alle specifi cit\u00e0 della regione in cui si trova. Nel desiderio di farvi conoscere i valori originari ed autentici del luogo, di ogni hotel viene messa in luce una qualche caratteristica peculiare che lo contraddistingue. Gli elementi presi in considerazione sono i pi\u00f9 diversi: l\u2019architettura, che rispecchia le infl uenze del territorio; l\u2019arredamento degli interni, dalle caratteristiche ben marcate e riconoscibili; gli odori ed i sapori della cucina del luogo; la carta dei vini, tipici di una determinata regione; i tour escursionistici, che ci permettono di scoprire paesaggi unici al mondo; le attivit\u00e0 sportive e ricreative, che si sono sviluppate grazie a condizioni ambientali particolarmente favorevoli e opportune. Entrando in contatto con la popolazione locale, ma anche chiacchierando con il titolare dell\u2019hotel, \u00e8 possibile sentire un po\u2019 del \u201ccolorito\u201d locale. In una parola, in ognuno di questi alberghi \u00e8 possibile sentire lo spirito del luogo.<br \/><br \/>Ed \u00e8 forse proprio questo il fi lo comune che lega tutti gli hotel, eppure cos\u00ec diversi tra loro, presentati in questo catalogo. Scegliere la diversit\u00e0, scegliere la specifi cit\u00e0, scegliere ci\u00f2 che rispecchia maggiormente la vostra personalit\u00e0: il nostro obiettivo \u00e8 offrirvi un catalogo che vi permetta di trovare la destinazione che meglio risponda alle vostre esigenze.<br \/><br \/><strong>Abbiamo fiducia nella vostra scelta.<\/strong><\/p>\t\t\t\t\t\t\t\t<\/div>\n\t\t\t\t<\/div>\n\t\t\t\t<div class=\"elementor-element elementor-element-0da2b63 elementor-list-item-link-inline link-hover-underline elementor-icon-list--layout-traditional elementor-widget elementor-widget-icon-list\" data-id=\"0da2b63\" data-element_type=\"widget\" data-widget_type=\"icon-list.default\">\n\t\t\t\t<div class=\"elementor-widget-container\">\n\t\t\t\t\t\t\t<ul class=\"elementor-icon-list-items\">\n\t\t\t\t\t\t\t<li class=\"elementor-icon-list-item\">\n\t\t\t\t\t\t\t\t\t\t\t<a href=\"\/wp-content\/uploads\/2025\/05\/OMH_Katalog.pdf\" target=\"_blank\">\n\n\t\t\t\t\t\t\t\t\t\t\t\t<span class=\"elementor-icon-list-icon\">\n\t\t\t\t\t\t\t<svg xmlns=\"http:\/\/www.w3.org\/2000\/svg\" xmlns:xlink=\"http:\/\/www.w3.org\/1999\/xlink\" id=\"Layer_1\" x=\"0px\" y=\"0px\" viewBox=\"0 0 309.267 309.267\" style=\"enable-background:new 0 0 309.267 309.267;\" xml:space=\"preserve\"><g>\t<path style=\"fill:#E2574C;\" d=\"M38.658,0h164.23l87.049,86.711v203.227c0,10.679-8.659,19.329-19.329,19.329H38.658  c-10.67,0-19.329-8.65-19.329-19.329V19.329C19.329,8.65,27.989,0,38.658,0z\"><\/path>\t<path style=\"fill:#B53629;\" d=\"M289.658,86.981h-67.372c-10.67,0-19.329-8.659-19.329-19.329V0.193L289.658,86.981z\"><\/path>\t<path style=\"fill:#FFFFFF;\" d=\"M217.434,146.544c3.238,0,4.823-2.822,4.823-5.557c0-2.832-1.653-5.567-4.823-5.567h-18.44  c-3.605,0-5.615,2.986-5.615,6.282v45.317c0,4.04,2.3,6.282,5.412,6.282c3.093,0,5.403-2.242,5.403-6.282v-12.438h11.153  c3.46,0,5.19-2.832,5.19-5.644c0-2.754-1.73-5.49-5.19-5.49h-11.153v-16.903C204.194,146.544,217.434,146.544,217.434,146.544z   M155.107,135.42h-13.492c-3.663,0-6.263,2.513-6.263,6.243v45.395c0,4.629,3.74,6.079,6.417,6.079h14.159  c16.758,0,27.824-11.027,27.824-28.047C183.743,147.095,173.325,135.42,155.107,135.42z M155.755,181.946h-8.225v-35.334h7.413  c11.221,0,16.101,7.529,16.101,17.918C171.044,174.253,166.25,181.946,155.755,181.946z M106.33,135.42H92.964  c-3.779,0-5.886,2.493-5.886,6.282v45.317c0,4.04,2.416,6.282,5.663,6.282s5.663-2.242,5.663-6.282v-13.231h8.379  c10.341,0,18.875-7.326,18.875-19.107C125.659,143.152,117.425,135.42,106.33,135.42z M106.108,163.158h-7.703v-17.097h7.703  c4.755,0,7.78,3.711,7.78,8.553C113.878,159.447,110.863,163.158,106.108,163.158z\"><\/path><\/g><g><\/g><g><\/g><g><\/g><g><\/g><g><\/g><g><\/g><g><\/g><g><\/g><g><\/g><g><\/g><g><\/g><g><\/g><g><\/g><g><\/g><g><\/g><\/svg>\t\t\t\t\t\t<\/span>\n\t\t\t\t\t\t\t\t\t\t<span class=\"elementor-icon-list-text\">Piccoli alberghi a conduzione familiare (PDF download)<\/span>\n\t\t\t\t\t\t\t\t\t\t\t<\/a>\n\t\t\t\t\t\t\t\t\t<\/li>\n\t\t\t\t\t\t<\/ul>\n\t\t\t\t\t\t<\/div>\n\t\t\t\t<\/div>\n\t\t\t\t<div class=\"elementor-element elementor-element-5ee0d11 elementor-widget-divider--view-line elementor-widget elementor-widget-divider\" data-id=\"5ee0d11\" data-element_type=\"widget\" data-widget_type=\"divider.default\">\n\t\t\t\t<div class=\"elementor-widget-container\">\n\t\t\t\t\t\t\t<div class=\"elementor-divider\">\n\t\t\t<span class=\"elementor-divider-separator\">\n\t\t\t\t\t\t<\/span>\n\t\t<\/div>\n\t\t\t\t\t\t<\/div>\n\t\t\t\t<\/div>\n\t\t\t\t<div class=\"elementor-element elementor-element-4b1d4ba link-hover-underline elementor-widget elementor-widget-text-editor\" data-id=\"4b1d4ba\" data-element_type=\"widget\" data-widget_type=\"text-editor.default\">\n\t\t\t\t<div class=\"elementor-widget-container\">\n\t\t\t\t\t\t\t\t\t<p><strong>ASSOCIAZIONE CROATA DEI PICCOLI HOTEL A CONDUZIONE FAMILIARE<\/strong><br \/>President \u0160ime Klari\u0107<\/p><p><strong>Executive office<\/strong><br \/>Nacionalna udruga obiteljskih i malih hotela<br \/>Obala hrvatskog narodnog preporoda 7\/3<br \/>21000 Split<\/p><p>Tel.+385 21 317 880<br \/>Fax. +385 21 317 881<\/p><p><strong>E-mail:<\/strong><br \/>Natalija O\u0161tri\u0107\u00a0\u00a0\u00a0\u00a0\u00a0 Petra Laus<br \/><a href=\"mailto:info@omh.hr\">info@omh.hr<\/a>\u00a0\u00a0\u00a0\u00a0\u00a0\u00a0\u00a0\u00a0<a href=\"mailto:projekt@omh.hr\">projekt@omh.hr<\/a><\/p>\t\t\t\t\t\t\t\t<\/div>\n\t\t\t\t<\/div>\n\t\t\t\t\t<\/div>\n\t\t\t\t<\/section>\n\t\t\t\t<\/div>\n\t\t","protected":false},"excerpt":{"rendered":"<p>Sugli Alberghi Cari ospiti! I piccoli hotel a conduzione familiare sono una parte importante del nuovo volto del turismo croato. Si tratta di una novit\u00e0 nell\u2019offerta turistica croata che unisce tutte le qualit\u00e0 del turismo croato, che avete avuto modo di conoscere sinora, a quei vantaggi che si sono espressi appieno soltanto negli ultimi anni. [&hellip;]<\/p>\n","protected":false},"author":1,"featured_media":0,"parent":0,"menu_order":0,"comment_status":"closed","ping_status":"closed","template":"","meta":{"_acf_changed":false,"footnotes":""},"class_list":["post-20839","page","type-page","status-publish","hentry"],"acf":[],"yoast_head":"<!-- This site is optimized with the Yoast SEO plugin v25.1 - https:\/\/yoast.com\/wordpress\/plugins\/seo\/ -->\n<title>Obiteljski i mali hoteli - Sugli Alberghi | OMH<\/title>\n<meta name=\"description\" content=\"Vacanze di famiglia Croazia, alberghi per famiglie adriatico, hotel per famiglie con bambini, alberghi buongustai istria, albergo sportivo croazia, vacanza in movimento croazia, Hotel con Spa in Croazia, Albergo benessere Croazia, Albergo heritage Croazia, Offerte speciali alberghi in Croazia, Piccoli hotel privati Croazia, Croazia Alloggio privato, viaggi d&#039;affari croazia, hotels d&#039;affari adriatico, hotels gourmet croazia, albergo ereditario adriatico, albergo heritage croazia\" \/>\n<meta name=\"robots\" content=\"noindex, follow, max-snippet:-1, max-image-preview:large, max-video-preview:-1\" \/>\n<meta property=\"og:locale\" content=\"it_IT\" \/>\n<meta property=\"og:type\" content=\"article\" \/>\n<meta property=\"og:title\" content=\"Obiteljski i mali hoteli - Sugli Alberghi | OMH\" \/>\n<meta property=\"og:description\" content=\"Vacanze di famiglia Croazia, alberghi per famiglie adriatico, hotel per famiglie con bambini, alberghi buongustai istria, albergo sportivo croazia, vacanza in movimento croazia, Hotel con Spa in Croazia, Albergo benessere Croazia, Albergo heritage Croazia, Offerte speciali alberghi in Croazia, Piccoli hotel privati Croazia, Croazia Alloggio privato, viaggi d&#039;affari croazia, hotels d&#039;affari adriatico, hotels gourmet croazia, albergo ereditario adriatico, albergo heritage croazia\" \/>\n<meta property=\"og:url\" content=\"https:\/\/omh.belgrade.dev\/it\/sugli-alberghi\/\" \/>\n<meta property=\"og:site_name\" content=\"OMH\" \/>\n<meta property=\"article:modified_time\" content=\"2025-05-15T09:50:41+00:00\" \/>\n<meta name=\"twitter:card\" content=\"summary_large_image\" \/>\n<meta name=\"twitter:label1\" content=\"Tempo di lettura stimato\" \/>\n\t<meta name=\"twitter:data1\" content=\"3 minuti\" \/>\n<script type=\"application\/ld+json\" class=\"yoast-schema-graph\">{\"@context\":\"https:\/\/schema.org\",\"@graph\":[{\"@type\":\"WebPage\",\"@id\":\"https:\/\/omh.belgrade.dev\/it\/sugli-alberghi\/\",\"url\":\"https:\/\/omh.belgrade.dev\/it\/sugli-alberghi\/\",\"name\":\"Obiteljski i mali hoteli - Sugli Alberghi | OMH\",\"isPartOf\":{\"@id\":\"https:\/\/omh.belgrade.dev\/#website\"},\"datePublished\":\"2025-05-15T08:15:37+00:00\",\"dateModified\":\"2025-05-15T09:50:41+00:00\",\"description\":\"Vacanze di famiglia Croazia, alberghi per famiglie adriatico, hotel per famiglie con bambini, alberghi buongustai istria, albergo sportivo croazia, vacanza in movimento croazia, Hotel con Spa in Croazia, Albergo benessere Croazia, Albergo heritage Croazia, Offerte speciali alberghi in Croazia, Piccoli hotel privati Croazia, Croazia Alloggio privato, viaggi d'affari croazia, hotels d'affari adriatico, hotels gourmet croazia, albergo ereditario adriatico, albergo heritage croazia\",\"breadcrumb\":{\"@id\":\"https:\/\/omh.belgrade.dev\/it\/sugli-alberghi\/#breadcrumb\"},\"inLanguage\":\"it-IT\",\"potentialAction\":[{\"@type\":\"ReadAction\",\"target\":[\"https:\/\/omh.belgrade.dev\/it\/sugli-alberghi\/\"]}]},{\"@type\":\"BreadcrumbList\",\"@id\":\"https:\/\/omh.belgrade.dev\/it\/sugli-alberghi\/#breadcrumb\",\"itemListElement\":[{\"@type\":\"ListItem\",\"position\":1,\"name\":\"Home\",\"item\":\"https:\/\/omh.belgrade.dev\/\"},{\"@type\":\"ListItem\",\"position\":2,\"name\":\"Sugli Alberghi\"}]},{\"@type\":\"WebSite\",\"@id\":\"https:\/\/omh.belgrade.dev\/#website\",\"url\":\"https:\/\/omh.belgrade.dev\/\",\"name\":\"OMH\",\"description\":\"Obiteljski i mali hoteli\",\"publisher\":{\"@id\":\"https:\/\/omh.belgrade.dev\/#organization\"},\"potentialAction\":[{\"@type\":\"SearchAction\",\"target\":{\"@type\":\"EntryPoint\",\"urlTemplate\":\"https:\/\/omh.belgrade.dev\/?s={search_term_string}\"},\"query-input\":{\"@type\":\"PropertyValueSpecification\",\"valueRequired\":true,\"valueName\":\"search_term_string\"}}],\"inLanguage\":\"it-IT\"},{\"@type\":\"Organization\",\"@id\":\"https:\/\/omh.belgrade.dev\/#organization\",\"name\":\"OMH\",\"url\":\"https:\/\/omh.belgrade.dev\/\",\"logo\":{\"@type\":\"ImageObject\",\"inLanguage\":\"it-IT\",\"@id\":\"https:\/\/omh.belgrade.dev\/#\/schema\/logo\/image\/\",\"url\":\"https:\/\/omh.belgrade.dev\/wp-content\/uploads\/2025\/04\/logo_1.png\",\"contentUrl\":\"https:\/\/omh.belgrade.dev\/wp-content\/uploads\/2025\/04\/logo_1.png\",\"width\":512,\"height\":85,\"caption\":\"OMH\"},\"image\":{\"@id\":\"https:\/\/omh.belgrade.dev\/#\/schema\/logo\/image\/\"}}]}<\/script>\n<!-- \/ Yoast SEO plugin. -->","yoast_head_json":{"title":"Obiteljski i mali hoteli - Sugli Alberghi | OMH","description":"Vacanze di famiglia Croazia, alberghi per famiglie adriatico, hotel per famiglie con bambini, alberghi buongustai istria, albergo sportivo croazia, vacanza in movimento croazia, Hotel con Spa in Croazia, Albergo benessere Croazia, Albergo heritage Croazia, Offerte speciali alberghi in Croazia, Piccoli hotel privati Croazia, Croazia Alloggio privato, viaggi d'affari croazia, hotels d'affari adriatico, hotels gourmet croazia, albergo ereditario adriatico, albergo heritage croazia","robots":{"index":"noindex","follow":"follow","max-snippet":"max-snippet:-1","max-image-preview":"max-image-preview:large","max-video-preview":"max-video-preview:-1"},"og_locale":"it_IT","og_type":"article","og_title":"Obiteljski i mali hoteli - Sugli Alberghi | OMH","og_description":"Vacanze di famiglia Croazia, alberghi per famiglie adriatico, hotel per famiglie con bambini, alberghi buongustai istria, albergo sportivo croazia, vacanza in movimento croazia, Hotel con Spa in Croazia, Albergo benessere Croazia, Albergo heritage Croazia, Offerte speciali alberghi in Croazia, Piccoli hotel privati Croazia, Croazia Alloggio privato, viaggi d'affari croazia, hotels d'affari adriatico, hotels gourmet croazia, albergo ereditario adriatico, albergo heritage croazia","og_url":"https:\/\/omh.belgrade.dev\/it\/sugli-alberghi\/","og_site_name":"OMH","article_modified_time":"2025-05-15T09:50:41+00:00","twitter_card":"summary_large_image","twitter_misc":{"Tempo di lettura stimato":"3 minuti"},"schema":{"@context":"https:\/\/schema.org","@graph":[{"@type":"WebPage","@id":"https:\/\/omh.belgrade.dev\/it\/sugli-alberghi\/","url":"https:\/\/omh.belgrade.dev\/it\/sugli-alberghi\/","name":"Obiteljski i mali hoteli - Sugli Alberghi | OMH","isPartOf":{"@id":"https:\/\/omh.belgrade.dev\/#website"},"datePublished":"2025-05-15T08:15:37+00:00","dateModified":"2025-05-15T09:50:41+00:00","description":"Vacanze di famiglia Croazia, alberghi per famiglie adriatico, hotel per famiglie con bambini, alberghi buongustai istria, albergo sportivo croazia, vacanza in movimento croazia, Hotel con Spa in Croazia, Albergo benessere Croazia, Albergo heritage Croazia, Offerte speciali alberghi in Croazia, Piccoli hotel privati Croazia, Croazia Alloggio privato, viaggi d'affari croazia, hotels d'affari adriatico, hotels gourmet croazia, albergo ereditario adriatico, albergo heritage croazia","breadcrumb":{"@id":"https:\/\/omh.belgrade.dev\/it\/sugli-alberghi\/#breadcrumb"},"inLanguage":"it-IT","potentialAction":[{"@type":"ReadAction","target":["https:\/\/omh.belgrade.dev\/it\/sugli-alberghi\/"]}]},{"@type":"BreadcrumbList","@id":"https:\/\/omh.belgrade.dev\/it\/sugli-alberghi\/#breadcrumb","itemListElement":[{"@type":"ListItem","position":1,"name":"Home","item":"https:\/\/omh.belgrade.dev\/"},{"@type":"ListItem","position":2,"name":"Sugli Alberghi"}]},{"@type":"WebSite","@id":"https:\/\/omh.belgrade.dev\/#website","url":"https:\/\/omh.belgrade.dev\/","name":"OMH","description":"Obiteljski i mali hoteli","publisher":{"@id":"https:\/\/omh.belgrade.dev\/#organization"},"potentialAction":[{"@type":"SearchAction","target":{"@type":"EntryPoint","urlTemplate":"https:\/\/omh.belgrade.dev\/?s={search_term_string}"},"query-input":{"@type":"PropertyValueSpecification","valueRequired":true,"valueName":"search_term_string"}}],"inLanguage":"it-IT"},{"@type":"Organization","@id":"https:\/\/omh.belgrade.dev\/#organization","name":"OMH","url":"https:\/\/omh.belgrade.dev\/","logo":{"@type":"ImageObject","inLanguage":"it-IT","@id":"https:\/\/omh.belgrade.dev\/#\/schema\/logo\/image\/","url":"https:\/\/omh.belgrade.dev\/wp-content\/uploads\/2025\/04\/logo_1.png","contentUrl":"https:\/\/omh.belgrade.dev\/wp-content\/uploads\/2025\/04\/logo_1.png","width":512,"height":85,"caption":"OMH"},"image":{"@id":"https:\/\/omh.belgrade.dev\/#\/schema\/logo\/image\/"}}]}},"_links":{"self":[{"href":"https:\/\/omh.belgrade.dev\/it\/wp-json\/wp\/v2\/pages\/20839","targetHints":{"allow":["GET"]}}],"collection":[{"href":"https:\/\/omh.belgrade.dev\/it\/wp-json\/wp\/v2\/pages"}],"about":[{"href":"https:\/\/omh.belgrade.dev\/it\/wp-json\/wp\/v2\/types\/page"}],"author":[{"embeddable":true,"href":"https:\/\/omh.belgrade.dev\/it\/wp-json\/wp\/v2\/users\/1"}],"replies":[{"embeddable":true,"href":"https:\/\/omh.belgrade.dev\/it\/wp-json\/wp\/v2\/comments?post=20839"}],"version-history":[{"count":4,"href":"https:\/\/omh.belgrade.dev\/it\/wp-json\/wp\/v2\/pages\/20839\/revisions"}],"predecessor-version":[{"id":20843,"href":"https:\/\/omh.belgrade.dev\/it\/wp-json\/wp\/v2\/pages\/20839\/revisions\/20843"}],"wp:attachment":[{"href":"https:\/\/omh.belgrade.dev\/it\/wp-json\/wp\/v2\/media?parent=20839"}],"curies":[{"name":"wp","href":"https:\/\/api.w.org\/{rel}","templated":true}]}}